{"id":417,"date":"2021-01-15T21:29:35","date_gmt":"2021-01-15T21:29:35","guid":{"rendered":"https:\/\/goextreme.no\/?page_id=417"},"modified":"2024-10-25T12:26:30","modified_gmt":"2024-10-25T12:26:30","slug":"om-oss","status":"publish","type":"page","link":"https:\/\/goextreme.no\/en\/om-oss\/","title":{"rendered":"ABOUT US"},"content":{"rendered":"<div data-elementor-type=\"wp-page\" data-elementor-id=\"417\" class=\"elementor elementor-417\">\n\t\t\t\t\t\t<section class=\"elementor-section elementor-top-section elementor-element elementor-element-33432764 elementor-reverse-tablet elementor-reverse-mobile elementor-section-height-min-height elementor-section-boxed elementor-section-height-default elementor-section-items-middle\" data-id=\"33432764\" data-element_type=\"section\" data-e-type=\"section\" data-settings=\"{&quot;background_background&quot;:&quot;classic&quot;}\">\n\t\t\t\t\t\t<div class=\"elementor-container elementor-column-gap-extended\">\n\t\t\t\t\t<div class=\"elementor-column elementor-col-25 elementor-top-column elementor-element elementor-element-6c2d42c\" data-id=\"6c2d42c\" data-element_type=\"column\" data-e-type=\"column\">\n\t\t\t<div class=\"elementor-widget-wrap\">\n\t\t\t\t\t\t\t<\/div>\n\t\t<\/div>\n\t\t\t\t<div class=\"elementor-column elementor-col-25 elementor-top-column elementor-element elementor-element-25c3f736\" data-id=\"25c3f736\" data-element_type=\"column\" data-e-type=\"column\">\n\t\t\t<div class=\"elementor-widget-wrap elementor-element-populated\">\n\t\t\t\t\t\t<div class=\"elementor-element elementor-element-51b67b77 elementor-widget elementor-widget-elementskit-heading\" data-id=\"51b67b77\" data-element_type=\"widget\" data-e-type=\"widget\" data-widget_type=\"elementskit-heading.default\">\n\t\t\t\t<div class=\"elementor-widget-container\">\n\t\t\t\t\t<div class=\"ekit-wid-con\" ><div class=\"ekit-heading elementskit-section-title-wraper text_left   ekit_heading_tablet-text_center   ekit_heading_mobile-text_center\"><span class=\"elementskit-section-subtitle  elementskit-style-border\">\n\t\t\t\t\t\tGet to know us\n\t\t\t\t\t<\/span><h2 class=\"ekit-heading--title elementskit-section-title\">About us<\/h2><\/div><\/div>\t\t\t\t<\/div>\n\t\t\t\t<\/div>\n\t\t\t\t<div class=\"elementor-element elementor-element-6720cd68 elementor-invisible elementor-widget elementor-widget-text-editor\" data-id=\"6720cd68\" data-element_type=\"widget\" data-e-type=\"widget\" data-settings=\"{&quot;_animation&quot;:&quot;fadeIn&quot;,&quot;_animation_delay&quot;:200}\" data-widget_type=\"text-editor.default\">\n\t\t\t\t<div class=\"elementor-widget-container\">\n\t\t\t\t\t\t\t\t\t<p>Hattfjelldal Hotell is beautifully located with a view down to Hattfjelldal center and south towards Nerlifjellet and the start of B\u00f8rgefjell. An excellent starting point for outdoor life all year round. We offer hotel accommodation with breakfast and free wifi. We also offer companies and associations small cozy meeting rooms. Here you can, for example, have board meetings, general meetings and sales meetings. We will also hold courses and conferences on various topics. <br><br>Later we will open for courses and conferences.<\/p>\n<p><strong>The background of GoExtreme<br><\/strong>Mosj\u00f8en Scooter rental started out with the rental of snowmobiles and associated equipment in the winter of 2017. Since the beginning, we have taken smaller groups on trips and guided them in Grane, Vefsn and around Hattfjelldals trail network. Through this venture we\u2019ve brought them with us for accommodation at different places.<br><br>In 2020\/2021, we bought a hotel in Hattfjelldal and changed our name to GoExtreme - with an expanded concept to cover our customers' needs for comprehensive solutions.&nbsp;<\/p>\t\t\t\t\t\t\t\t<\/div>\n\t\t\t\t<\/div>\n\t\t\t\t\t<\/div>\n\t\t<\/div>\n\t\t\t\t<div class=\"elementor-column elementor-col-25 elementor-top-column elementor-element elementor-element-66b5ccda\" data-id=\"66b5ccda\" data-element_type=\"column\" data-e-type=\"column\" data-settings=\"{&quot;background_background&quot;:&quot;classic&quot;}\">\n\t\t\t<div class=\"elementor-widget-wrap elementor-element-populated\">\n\t\t\t\t\t<div class=\"elementor-background-overlay\"><\/div>\n\t\t\t\t\t\t<div class=\"elementor-element elementor-element-adbc4ae elementor-widget elementor-widget-image-carousel\" data-id=\"adbc4ae\" data-element_type=\"widget\" data-e-type=\"widget\" data-settings=\"{&quot;slides_to_show&quot;:&quot;1&quot;,&quot;navigation&quot;:&quot;none&quot;,&quot;autoplay_speed&quot;:2000,&quot;effect&quot;:&quot;fade&quot;,&quot;speed&quot;:1000,&quot;autoplay&quot;:&quot;yes&quot;,&quot;pause_on_hover&quot;:&quot;yes&quot;,&quot;pause_on_interaction&quot;:&quot;yes&quot;,&quot;infinite&quot;:&quot;yes&quot;}\" data-widget_type=\"image-carousel.default\">\n\t\t\t\t<div class=\"elementor-widget-container\">\n\t\t\t\t\t\t\t<div class=\"elementor-image-carousel-wrapper swiper\" role=\"region\" aria-roledescription=\"carousel\" aria-label=\"Bildekarusell\" dir=\"ltr\">\n\t\t\t<div class=\"elementor-image-carousel swiper-wrapper\" aria-live=\"off\">\n\t\t\t\t\t\t\t\t<div class=\"swiper-slide\" role=\"group\" aria-roledescription=\"slide\" aria-label=\"1 av 9\"><figure class=\"swiper-slide-inner\"><img decoding=\"async\" class=\"swiper-slide-image\" src=\"https:\/\/goextreme.no\/wp-content\/uploads\/2024\/10\/cz_p19wg-min-scaled-1.webp\" alt=\"cz_p19wg-min-scaled\" \/><\/figure><\/div><div class=\"swiper-slide\" role=\"group\" aria-roledescription=\"slide\" aria-label=\"2 av 9\"><figure class=\"swiper-slide-inner\"><img decoding=\"async\" class=\"swiper-slide-image\" src=\"https:\/\/goextreme.no\/wp-content\/uploads\/2024\/10\/nxoVGNwA-scaled-1.webp\" alt=\"nxoVGNwA-scaled\" \/><\/figure><\/div><div class=\"swiper-slide\" role=\"group\" aria-roledescription=\"slide\" aria-label=\"3 av 9\"><figure class=\"swiper-slide-inner\"><img decoding=\"async\" class=\"swiper-slide-image\" src=\"https:\/\/goextreme.no\/wp-content\/uploads\/2024\/10\/ojQsTYJw.webp\" alt=\"ojQsTYJw\" \/><\/figure><\/div><div class=\"swiper-slide\" role=\"group\" aria-roledescription=\"slide\" aria-label=\"4 av 9\"><figure class=\"swiper-slide-inner\"><img decoding=\"async\" class=\"swiper-slide-image\" src=\"https:\/\/goextreme.no\/wp-content\/uploads\/2024\/10\/U113cJMQ-scaled-1.webp\" alt=\"U113cJMQ-scaled\" \/><\/figure><\/div><div class=\"swiper-slide\" role=\"group\" aria-roledescription=\"slide\" aria-label=\"5 av 9\"><figure class=\"swiper-slide-inner\"><img decoding=\"async\" class=\"swiper-slide-image\" src=\"https:\/\/goextreme.no\/wp-content\/uploads\/2024\/10\/M4mTDe6Q.webp\" alt=\"M4mTDe6Q\" \/><\/figure><\/div><div class=\"swiper-slide\" role=\"group\" aria-roledescription=\"slide\" aria-label=\"6 av 9\"><figure class=\"swiper-slide-inner\"><img decoding=\"async\" class=\"swiper-slide-image\" src=\"https:\/\/goextreme.no\/wp-content\/uploads\/2024\/10\/AXqEz3RA.webp\" alt=\"AXqEz3RA\" \/><\/figure><\/div><div class=\"swiper-slide\" role=\"group\" aria-roledescription=\"slide\" aria-label=\"7 av 9\"><figure class=\"swiper-slide-inner\"><img decoding=\"async\" class=\"swiper-slide-image\" src=\"https:\/\/goextreme.no\/wp-content\/uploads\/2024\/10\/urzNdexA.webp\" alt=\"urzNdexA\" \/><\/figure><\/div><div class=\"swiper-slide\" role=\"group\" aria-roledescription=\"slide\" aria-label=\"8 av 9\"><figure class=\"swiper-slide-inner\"><img decoding=\"async\" class=\"swiper-slide-image\" src=\"https:\/\/goextreme.no\/wp-content\/uploads\/2024\/10\/IO705gMw-1.webp\" alt=\"IO705gMw-1\" \/><\/figure><\/div><div class=\"swiper-slide\" role=\"group\" aria-roledescription=\"slide\" aria-label=\"9 av 9\"><figure class=\"swiper-slide-inner\"><img decoding=\"async\" class=\"swiper-slide-image\" src=\"https:\/\/goextreme.no\/wp-content\/uploads\/2024\/10\/et6R3BOA-scaled-1.webp\" alt=\"et6R3BOA-scaled\" \/><\/figure><\/div>\t\t\t<\/div>\n\t\t\t\t\t\t\t\n\t\t\t\t\t\t\t\t\t<\/div>\n\t\t\t\t\t\t<\/div>\n\t\t\t\t<\/div>\n\t\t\t\t\t<\/div>\n\t\t<\/div>\n\t\t\t\t<div class=\"elementor-column elementor-col-25 elementor-top-column elementor-element elementor-element-898ac75 elementor-hidden-tablet\" data-id=\"898ac75\" data-element_type=\"column\" data-e-type=\"column\">\n\t\t\t<div class=\"elementor-widget-wrap\">\n\t\t\t\t\t\t\t<\/div>\n\t\t<\/div>\n\t\t\t\t\t<\/div>\n\t\t<\/section>\n\t\t\t\t<section class=\"elementor-section elementor-top-section elementor-element elementor-element-69bca54 elementor-section-boxed elementor-section-height-default elementor-section-height-default\" data-id=\"69bca54\" data-element_type=\"section\" data-e-type=\"section\" data-settings=\"{&quot;background_background&quot;:&quot;classic&quot;}\">\n\t\t\t\t\t\t<div class=\"elementor-container elementor-column-gap-default\">\n\t\t\t\t\t<div class=\"elementor-column elementor-col-100 elementor-top-column elementor-element elementor-element-c9def7c\" data-id=\"c9def7c\" data-element_type=\"column\" data-e-type=\"column\">\n\t\t\t<div class=\"elementor-widget-wrap elementor-element-populated\">\n\t\t\t\t\t\t<section class=\"elementor-section elementor-inner-section elementor-element elementor-element-5cddd64 elementor-section-boxed elementor-section-height-default elementor-section-height-default\" data-id=\"5cddd64\" data-element_type=\"section\" data-e-type=\"section\">\n\t\t\t\t\t\t<div class=\"elementor-container elementor-column-gap-default\">\n\t\t\t\t\t<div class=\"elementor-column elementor-col-50 elementor-inner-column elementor-element elementor-element-31f569a\" data-id=\"31f569a\" data-element_type=\"column\" data-e-type=\"column\">\n\t\t\t<div class=\"elementor-widget-wrap elementor-element-populated\">\n\t\t\t\t\t\t<div class=\"elementor-element elementor-element-ab6029a elementor-invisible elementor-widget elementor-widget-text-editor\" data-id=\"ab6029a\" data-element_type=\"widget\" data-e-type=\"widget\" data-settings=\"{&quot;_animation&quot;:&quot;fadeIn&quot;,&quot;_animation_delay&quot;:200}\" data-widget_type=\"text-editor.default\">\n\t\t\t\t<div class=\"elementor-widget-container\">\n\t\t\t\t\t\t\t\t\t<p><strong>WE ARE LOCATED HERE:<\/strong><\/p>\t\t\t\t\t\t\t\t<\/div>\n\t\t\t\t<\/div>\n\t\t\t\t\t<\/div>\n\t\t<\/div>\n\t\t\t\t<div class=\"elementor-column elementor-col-50 elementor-inner-column elementor-element elementor-element-baa7d87\" data-id=\"baa7d87\" data-element_type=\"column\" data-e-type=\"column\">\n\t\t\t<div class=\"elementor-widget-wrap\">\n\t\t\t\t\t\t\t<\/div>\n\t\t<\/div>\n\t\t\t\t\t<\/div>\n\t\t<\/section>\n\t\t\t\t<div class=\"elementor-element elementor-element-1d565e4 elementor-widget elementor-widget-google_maps\" data-id=\"1d565e4\" data-element_type=\"widget\" data-e-type=\"widget\" data-widget_type=\"google_maps.default\">\n\t\t\t\t<div class=\"elementor-widget-container\">\n\t\t\t\t\t\t\t<div class=\"elementor-custom-embed\">\n\t\t\t<iframe loading=\"lazy\"\n\t\t\t\t\tsrc=\"https:\/\/maps.google.com\/maps?q=Hotellveien%201%2C%20Hattfjelldal&#038;t=m&#038;z=13&#038;output=embed&#038;iwloc=near\"\n\t\t\t\t\ttitle=\"Hotellveien 1, Hattfjelldal\"\n\t\t\t\t\taria-label=\"Hotellveien 1, Hattfjelldal\"\n\t\t\t><\/iframe>\n\t\t<\/div>\n\t\t\t\t\t\t<\/div>\n\t\t\t\t<\/div>\n\t\t\t\t\t<\/div>\n\t\t<\/div>\n\t\t\t\t\t<\/div>\n\t\t<\/section>\n\t\t\t\t<\/div>","protected":false},"excerpt":{"rendered":"<p>Bli kjent med oss Om oss Hattfjelldal Hotell ligger vakkert til med utsikt ned p\u00e5 Hattfjelldal sentrum og &nbsp;s\u00f8rover mot Nerlifjellet og starten av B\u00f8rgefjell. Et utmerket utgangspunkt for friluftsliv hele \u00e5ret. Vi tilbyr hotellovernatting med frokost og gratis wifi. Vi tilbyr ogs\u00e5 bedrifter og foreninger sm\u00e5 koselige m\u00f8terom. Her kan dere for eksempel ha styrem\u00f8ter, generalforsamling og salgsm\u00f8ter. Senere skal vi \u00e5pne for kurs og konferanser. Bakgrunnen for GoExtremeMosj\u00f8en Scooterutleie startet opp med utleie av sn\u00f8scooter og tilh\u00f8rende utstyr vinteren 2017. Vi har helt fra oppstarten hatt med mindre grupper p\u00e5 tur, og guidet dem i Grane, Vefsn og Hattfjelldal sitt l\u00f8ypenett. Vi har benyttet oss av overnatting hos mange ulike akt\u00f8rer. I 2020\/2021 kj\u00f8pte vi hotell i Hattfjelldal og byttet navn til GoExtreme &#8211; med et utvidet konsept for \u00e5 dekke v\u00e5re kunders behov for helhetlige l\u00f8sninger.&nbsp; VI HOLDER TIL HER:<\/p>","protected":false},"author":2,"featured_media":0,"parent":0,"menu_order":0,"comment_status":"closed","ping_status":"closed","template":"elementor_header_footer","meta":{"footnotes":""},"class_list":["post-417","page","type-page","status-publish"],"yoast_head":"<!-- This site is optimized with the Yoast SEO plugin v27.3 - https:\/\/yoast.com\/product\/yoast-seo-wordpress\/ -->\n<title>OM OSS - GoExtreme<\/title>\n<meta name=\"robots\" content=\"index, follow, max-snippet:-1, max-image-preview:large, max-video-preview:-1\" \/>\n<link rel=\"canonical\" href=\"https:\/\/goextreme.no\/en\/om-oss\/\" \/>\n<meta property=\"og:locale\" content=\"en_GB\" \/>\n<meta property=\"og:type\" content=\"article\" \/>\n<meta property=\"og:title\" content=\"OM OSS - GoExtreme\" \/>\n<meta property=\"og:description\" content=\"Bli kjent med oss Om oss Hattfjelldal Hotell ligger vakkert til med utsikt ned p\u00e5 Hattfjelldal sentrum og &nbsp;s\u00f8rover mot Nerlifjellet og starten av B\u00f8rgefjell. Et utmerket utgangspunkt for friluftsliv hele \u00e5ret. Vi tilbyr hotellovernatting med frokost og gratis wifi. Vi tilbyr ogs\u00e5 bedrifter og foreninger sm\u00e5 koselige m\u00f8terom. Her kan dere for eksempel ha styrem\u00f8ter, generalforsamling og salgsm\u00f8ter. Senere skal vi \u00e5pne for kurs og konferanser. Bakgrunnen for GoExtremeMosj\u00f8en Scooterutleie startet opp med utleie av sn\u00f8scooter og tilh\u00f8rende utstyr vinteren 2017. Vi har helt fra oppstarten hatt med mindre grupper p\u00e5 tur, og guidet dem i Grane, Vefsn og Hattfjelldal sitt l\u00f8ypenett. Vi har benyttet oss av overnatting hos mange ulike akt\u00f8rer. I 2020\/2021 kj\u00f8pte vi hotell i Hattfjelldal og byttet navn til GoExtreme &#8211; med et utvidet konsept for \u00e5 dekke v\u00e5re kunders behov for helhetlige l\u00f8sninger.&nbsp; VI HOLDER TIL HER:\" \/>\n<meta property=\"og:url\" content=\"https:\/\/goextreme.no\/en\/om-oss\/\" \/>\n<meta property=\"og:site_name\" content=\"GoExtreme\" \/>\n<meta property=\"article:modified_time\" content=\"2024-10-25T12:26:30+00:00\" \/>\n<meta property=\"og:image\" content=\"https:\/\/goextreme.no\/wp-content\/uploads\/2024\/10\/cz_p19wg-min-scaled-1.webp\" \/>\n<meta name=\"twitter:card\" content=\"summary_large_image\" \/>\n<meta name=\"twitter:label1\" content=\"Estimated reading time\" \/>\n\t<meta name=\"twitter:data1\" content=\"4 minutes\" \/>\n<script type=\"application\/ld+json\" class=\"yoast-schema-graph\">{\"@context\":\"https:\\\/\\\/schema.org\",\"@graph\":[{\"@type\":\"WebPage\",\"@id\":\"https:\\\/\\\/goextreme.no\\\/nb\\\/om-oss\\\/\",\"url\":\"https:\\\/\\\/goextreme.no\\\/nb\\\/om-oss\\\/\",\"name\":\"OM OSS - GoExtreme\",\"isPartOf\":{\"@id\":\"https:\\\/\\\/goextreme.no\\\/#website\"},\"primaryImageOfPage\":{\"@id\":\"https:\\\/\\\/goextreme.no\\\/nb\\\/om-oss\\\/#primaryimage\"},\"image\":{\"@id\":\"https:\\\/\\\/goextreme.no\\\/nb\\\/om-oss\\\/#primaryimage\"},\"thumbnailUrl\":\"https:\\\/\\\/goextreme.no\\\/wp-content\\\/uploads\\\/2024\\\/10\\\/cz_p19wg-min-scaled-1.webp\",\"datePublished\":\"2021-01-15T21:29:35+00:00\",\"dateModified\":\"2024-10-25T12:26:30+00:00\",\"breadcrumb\":{\"@id\":\"https:\\\/\\\/goextreme.no\\\/nb\\\/om-oss\\\/#breadcrumb\"},\"inLanguage\":\"en-GB\",\"potentialAction\":[{\"@type\":\"ReadAction\",\"target\":[\"https:\\\/\\\/goextreme.no\\\/nb\\\/om-oss\\\/\"]}]},{\"@type\":\"ImageObject\",\"inLanguage\":\"en-GB\",\"@id\":\"https:\\\/\\\/goextreme.no\\\/nb\\\/om-oss\\\/#primaryimage\",\"url\":\"https:\\\/\\\/goextreme.no\\\/wp-content\\\/uploads\\\/2024\\\/10\\\/cz_p19wg-min-scaled-1.webp\",\"contentUrl\":\"https:\\\/\\\/goextreme.no\\\/wp-content\\\/uploads\\\/2024\\\/10\\\/cz_p19wg-min-scaled-1.webp\"},{\"@type\":\"BreadcrumbList\",\"@id\":\"https:\\\/\\\/goextreme.no\\\/nb\\\/om-oss\\\/#breadcrumb\",\"itemListElement\":[{\"@type\":\"ListItem\",\"position\":1,\"name\":\"Home\",\"item\":\"https:\\\/\\\/goextreme.no\\\/\"},{\"@type\":\"ListItem\",\"position\":2,\"name\":\"OM OSS\"}]},{\"@type\":\"WebSite\",\"@id\":\"https:\\\/\\\/goextreme.no\\\/#website\",\"url\":\"https:\\\/\\\/goextreme.no\\\/\",\"name\":\"GoExtreme\",\"description\":\"Experience Norway\",\"publisher\":{\"@id\":\"https:\\\/\\\/goextreme.no\\\/#organization\"},\"potentialAction\":[{\"@type\":\"SearchAction\",\"target\":{\"@type\":\"EntryPoint\",\"urlTemplate\":\"https:\\\/\\\/goextreme.no\\\/?s={search_term_string}\"},\"query-input\":{\"@type\":\"PropertyValueSpecification\",\"valueRequired\":true,\"valueName\":\"search_term_string\"}}],\"inLanguage\":\"en-GB\"},{\"@type\":\"Organization\",\"@id\":\"https:\\\/\\\/goextreme.no\\\/#organization\",\"name\":\"GoExtreme\",\"url\":\"https:\\\/\\\/goextreme.no\\\/\",\"logo\":{\"@type\":\"ImageObject\",\"inLanguage\":\"en-GB\",\"@id\":\"https:\\\/\\\/goextreme.no\\\/#\\\/schema\\\/logo\\\/image\\\/\",\"url\":\"https:\\\/\\\/goextreme.no\\\/wp-content\\\/uploads\\\/2021\\\/01\\\/goextreme-2.png\",\"contentUrl\":\"https:\\\/\\\/goextreme.no\\\/wp-content\\\/uploads\\\/2021\\\/01\\\/goextreme-2.png\",\"width\":1462,\"height\":412,\"caption\":\"GoExtreme\"},\"image\":{\"@id\":\"https:\\\/\\\/goextreme.no\\\/#\\\/schema\\\/logo\\\/image\\\/\"}}]}<\/script>\n<!-- \/ Yoast SEO plugin. -->","yoast_head_json":{"title":"OM OSS - GoExtreme","robots":{"index":"index","follow":"follow","max-snippet":"max-snippet:-1","max-image-preview":"max-image-preview:large","max-video-preview":"max-video-preview:-1"},"canonical":"https:\/\/goextreme.no\/en\/om-oss\/","og_locale":"en_GB","og_type":"article","og_title":"OM OSS - GoExtreme","og_description":"Bli kjent med oss Om oss Hattfjelldal Hotell ligger vakkert til med utsikt ned p\u00e5 Hattfjelldal sentrum og &nbsp;s\u00f8rover mot Nerlifjellet og starten av B\u00f8rgefjell. Et utmerket utgangspunkt for friluftsliv hele \u00e5ret. Vi tilbyr hotellovernatting med frokost og gratis wifi. Vi tilbyr ogs\u00e5 bedrifter og foreninger sm\u00e5 koselige m\u00f8terom. Her kan dere for eksempel ha styrem\u00f8ter, generalforsamling og salgsm\u00f8ter. Senere skal vi \u00e5pne for kurs og konferanser. Bakgrunnen for GoExtremeMosj\u00f8en Scooterutleie startet opp med utleie av sn\u00f8scooter og tilh\u00f8rende utstyr vinteren 2017. Vi har helt fra oppstarten hatt med mindre grupper p\u00e5 tur, og guidet dem i Grane, Vefsn og Hattfjelldal sitt l\u00f8ypenett. Vi har benyttet oss av overnatting hos mange ulike akt\u00f8rer. I 2020\/2021 kj\u00f8pte vi hotell i Hattfjelldal og byttet navn til GoExtreme &#8211; med et utvidet konsept for \u00e5 dekke v\u00e5re kunders behov for helhetlige l\u00f8sninger.&nbsp; VI HOLDER TIL HER:","og_url":"https:\/\/goextreme.no\/en\/om-oss\/","og_site_name":"GoExtreme","article_modified_time":"2024-10-25T12:26:30+00:00","og_image":[{"url":"https:\/\/goextreme.no\/wp-content\/uploads\/2024\/10\/cz_p19wg-min-scaled-1.webp","type":"","width":"","height":""}],"twitter_card":"summary_large_image","twitter_misc":{"Estimated reading time":"4 minutes"},"schema":{"@context":"https:\/\/schema.org","@graph":[{"@type":"WebPage","@id":"https:\/\/goextreme.no\/nb\/om-oss\/","url":"https:\/\/goextreme.no\/nb\/om-oss\/","name":"OM OSS - GoExtreme","isPartOf":{"@id":"https:\/\/goextreme.no\/#website"},"primaryImageOfPage":{"@id":"https:\/\/goextreme.no\/nb\/om-oss\/#primaryimage"},"image":{"@id":"https:\/\/goextreme.no\/nb\/om-oss\/#primaryimage"},"thumbnailUrl":"https:\/\/goextreme.no\/wp-content\/uploads\/2024\/10\/cz_p19wg-min-scaled-1.webp","datePublished":"2021-01-15T21:29:35+00:00","dateModified":"2024-10-25T12:26:30+00:00","breadcrumb":{"@id":"https:\/\/goextreme.no\/nb\/om-oss\/#breadcrumb"},"inLanguage":"en-GB","potentialAction":[{"@type":"ReadAction","target":["https:\/\/goextreme.no\/nb\/om-oss\/"]}]},{"@type":"ImageObject","inLanguage":"en-GB","@id":"https:\/\/goextreme.no\/nb\/om-oss\/#primaryimage","url":"https:\/\/goextreme.no\/wp-content\/uploads\/2024\/10\/cz_p19wg-min-scaled-1.webp","contentUrl":"https:\/\/goextreme.no\/wp-content\/uploads\/2024\/10\/cz_p19wg-min-scaled-1.webp"},{"@type":"BreadcrumbList","@id":"https:\/\/goextreme.no\/nb\/om-oss\/#breadcrumb","itemListElement":[{"@type":"ListItem","position":1,"name":"Home","item":"https:\/\/goextreme.no\/"},{"@type":"ListItem","position":2,"name":"OM OSS"}]},{"@type":"WebSite","@id":"https:\/\/goextreme.no\/#website","url":"https:\/\/goextreme.no\/","name":"GoExtreme","description":"Experience Norway","publisher":{"@id":"https:\/\/goextreme.no\/#organization"},"potentialAction":[{"@type":"SearchAction","target":{"@type":"EntryPoint","urlTemplate":"https:\/\/goextreme.no\/?s={search_term_string}"},"query-input":{"@type":"PropertyValueSpecification","valueRequired":true,"valueName":"search_term_string"}}],"inLanguage":"en-GB"},{"@type":"Organization","@id":"https:\/\/goextreme.no\/#organization","name":"GoExtreme","url":"https:\/\/goextreme.no\/","logo":{"@type":"ImageObject","inLanguage":"en-GB","@id":"https:\/\/goextreme.no\/#\/schema\/logo\/image\/","url":"https:\/\/goextreme.no\/wp-content\/uploads\/2021\/01\/goextreme-2.png","contentUrl":"https:\/\/goextreme.no\/wp-content\/uploads\/2021\/01\/goextreme-2.png","width":1462,"height":412,"caption":"GoExtreme"},"image":{"@id":"https:\/\/goextreme.no\/#\/schema\/logo\/image\/"}}]}},"_links":{"self":[{"href":"https:\/\/goextreme.no\/en\/wp-json\/wp\/v2\/pages\/417","targetHints":{"allow":["GET"]}}],"collection":[{"href":"https:\/\/goextreme.no\/en\/wp-json\/wp\/v2\/pages"}],"about":[{"href":"https:\/\/goextreme.no\/en\/wp-json\/wp\/v2\/types\/page"}],"author":[{"embeddable":true,"href":"https:\/\/goextreme.no\/en\/wp-json\/wp\/v2\/users\/2"}],"replies":[{"embeddable":true,"href":"https:\/\/goextreme.no\/en\/wp-json\/wp\/v2\/comments?post=417"}],"version-history":[{"count":0,"href":"https:\/\/goextreme.no\/en\/wp-json\/wp\/v2\/pages\/417\/revisions"}],"wp:attachment":[{"href":"https:\/\/goextreme.no\/en\/wp-json\/wp\/v2\/media?parent=417"}],"curies":[{"name":"wp","href":"https:\/\/api.w.org\/{rel}","templated":true}]}}