{"id":785,"date":"2021-01-18T11:38:40","date_gmt":"2021-01-18T11:38:40","guid":{"rendered":"https:\/\/goextreme.no\/?page_id=785"},"modified":"2024-10-25T12:24:29","modified_gmt":"2024-10-25T12:24:29","slug":"news","status":"publish","type":"page","link":"https:\/\/goextreme.no\/en\/news\/","title":{"rendered":"NEWS"},"content":{"rendered":"<div data-elementor-type=\"wp-page\" data-elementor-id=\"785\" class=\"elementor elementor-785\">\n\t\t\t\t\t\t<section class=\"elementor-section elementor-top-section elementor-element elementor-element-6b2e657 elementor-section-boxed elementor-section-height-default elementor-section-height-default\" data-id=\"6b2e657\" data-element_type=\"section\" data-e-type=\"section\" data-settings=\"{&quot;background_background&quot;:&quot;classic&quot;}\">\n\t\t\t\t\t\t\t<div class=\"elementor-background-overlay\"><\/div>\n\t\t\t\t\t\t\t<div class=\"elementor-container elementor-column-gap-default\">\n\t\t\t\t\t<div class=\"elementor-column elementor-col-100 elementor-top-column elementor-element elementor-element-6e7770e\" data-id=\"6e7770e\" data-element_type=\"column\" data-e-type=\"column\">\n\t\t\t<div class=\"elementor-widget-wrap elementor-element-populated\">\n\t\t\t\t\t\t<div class=\"elementor-element elementor-element-867af18 elementor-widget elementor-widget-elementskit-heading\" data-id=\"867af18\" data-element_type=\"widget\" data-e-type=\"widget\" data-widget_type=\"elementskit-heading.default\">\n\t\t\t\t<div class=\"elementor-widget-container\">\n\t\t\t\t\t<div class=\"ekit-wid-con\" ><div class=\"ekit-heading elementskit-section-title-wraper text_center   ekit_heading_tablet-   ekit_heading_mobile-text_center\"><h2 class=\"ekit-heading--title elementskit-section-title\">News<\/h2><div class=\"ekit_heading_separetor_wraper ekit_heading_elementskit-border-divider ekit-dotted\"><div class=\"elementskit-border-divider ekit-dotted\"><\/div><\/div><h3 class=\"ekit-heading--subtitle elementskit-section-subtitle\">\n\t\t\t\t\t\tRead about exciting trips we have been on, good experiences and the latest news about us\n\t\t\t\t\t<\/h3><\/div><\/div>\t\t\t\t<\/div>\n\t\t\t\t<\/div>\n\t\t\t\t<div class=\"elementor-element elementor-element-ede0f25 elementor-invisible elementor-widget elementor-widget-text-editor\" data-id=\"ede0f25\" data-element_type=\"widget\" data-e-type=\"widget\" data-settings=\"{&quot;_animation&quot;:&quot;fadeIn&quot;,&quot;_animation_delay&quot;:200}\" data-widget_type=\"text-editor.default\">\n\t\t\t\t<div class=\"elementor-widget-container\">\n\t\t\t\t\t\t\t\t\t<p>You can now book snowmobile tours through Fru Haugans Hotell! Order here:<\/p>\t\t\t\t\t\t\t\t<\/div>\n\t\t\t\t<\/div>\n\t\t\t\t<div class=\"elementor-element elementor-element-3a4ab1f elementor-align-center elementor-widget__width-auto elementor-invisible elementor-widget elementor-widget-button\" data-id=\"3a4ab1f\" data-element_type=\"widget\" data-e-type=\"widget\" data-settings=\"{&quot;_animation&quot;:&quot;fadeIn&quot;,&quot;_animation_delay&quot;:500}\" data-widget_type=\"button.default\">\n\t\t\t\t<div class=\"elementor-widget-container\">\n\t\t\t\t\t\t\t\t\t<div class=\"elementor-button-wrapper\">\n\t\t\t\t\t<a class=\"elementor-button elementor-button-link elementor-size-sm\" href=\"http:\/\/www.fruhaugans.no\/opplevelser\/snoscootersafari-pa-helgeland\">\n\t\t\t\t\t\t<span class=\"elementor-button-content-wrapper\">\n\t\t\t\t\t\t\t\t\t<span class=\"elementor-button-text\">BOOK<\/span>\n\t\t\t\t\t<\/span>\n\t\t\t\t\t<\/a>\n\t\t\t\t<\/div>\n\t\t\t\t\t\t\t\t<\/div>\n\t\t\t\t<\/div>\n\t\t\t\t<div class=\"elementor-element elementor-element-23588c4 elementor-widget elementor-widget-elementskit-blog-posts\" data-id=\"23588c4\" data-element_type=\"widget\" data-e-type=\"widget\" data-widget_type=\"elementskit-blog-posts.default\">\n\t\t\t\t<div class=\"elementor-widget-container\">\n\t\t\t\t\t<div class=\"ekit-wid-con\" >        <div id=\"post-items--23588c4\" class=\"row post-items\">\n                    <div class=\"col-lg-6 col-md-6\">\n\n                                    <div class=\"elementskit-post-image-card\">\n                        <div class=\"elementskit-entry-header\">\n                                                            <a href=\"https:\/\/goextreme.no\/en\/2019\/02\/24\/skutertur-til-standli-gard\/\" class=\"elementskit-entry-thumb\">\n                                    <img decoding=\"async\" src=\"https:\/\/goextreme.no\/wp-content\/uploads\/2021\/01\/52868941_2232728460276748_1036932798927077376_n.jpg\" alt=\"Skutertur til Strandli G\u00e5rd\">\n                                <\/a><!-- .elementskit-entry-thumb END -->\n                                                                                                    <div class=\"elementskit-meta-lists elementskit-style-tag\">\n                                        <div class=\"elementskit-single-meta triangle_left\"><span class=\"elementskit-meta-wraper\"><strong>24<\/strong>Feb<\/span><\/div>\n                                    <\/div>\n                                                                                            \n                            \n\t\t\t\t\t\t\t\t\t\t\t\t\t<\/div><!-- .elementskit-entry-header END -->\n\n\t\t\t\t\t\t<div class=\"elementskit-post-body\">\n\t\t\t\t\t\t\t\t\t\t\t\t\t\t\t\t\t\t\t\t<h2 class=\"entry-title\">\n\t\t\t\t\t<a href=\"https:\/\/goextreme.no\/en\/2019\/02\/24\/skutertur-til-standli-gard\/\">\n\t\t\t\t\t\tSkutertur til Strandli G\u00e5rd\t\t\t\t\t<\/a>\n\t\t\t\t<\/h2>\n\t\t\t\t\t\t\t\t\t\t\t\n\t\t\t\t\t\t\t\t\t\t\t\t\t\t\t\t\t\t\t\t\t\t\t\t\t\t\t\t\t\t\n\t\t\t\t\t\t\t\t\n\t\t\t\t\t\t\t\t\t\t\t\t\t\t\t\t\t\t\t\t\t\t\t\t\t\t\t\t\t\t\t\t\t\t\t\t\t\t\t<p>I helga hadde vi med oss en flott gjeng til Strandli G\u00e5rd i Fiplingdalen. Tross v\u00e6rgudene ikke var p\u00e5 v\u00e5r side. Ble det 3 dager med lange scoooterturer i flott natur.&hellip;<\/p>\n\t\t\t\t\t\t\t\t\t\t\t\t\t\t\t\t\t\t\t\t\t\t                                                            <div class=\"btn-wraper\">\n                                    \n                                                                            <a class=\"elementskit-btn whitespace--normal\" id=\"\" href=\"https:\/\/goextreme.no\/en\/2019\/02\/24\/skutertur-til-standli-gard\/\">\n                                        \t                                            Read more                                        <\/a>\n                                                                    <\/div>\n                                                    <\/div><!-- .elementskit-post-body END -->\n                    <\/div>\n                \n            <\/div>\n                <\/div>\n       <\/div>\t\t\t\t<\/div>\n\t\t\t\t<\/div>\n\t\t\t\t\t<\/div>\n\t\t<\/div>\n\t\t\t\t\t<\/div>\n\t\t<\/section>\n\t\t\t\t<\/div>","protected":false},"excerpt":{"rendered":"<p>Nyheter Les om spennende turer vi har v\u00e6rt p\u00e5, gode opplevelser og siste nytt om oss Du kan n\u00e5 bestille skuterturer gjennom Fru Haugans Hotell! Bestill her: BOOK 24Feb Skutertur til Strandli G\u00e5rd I helga hadde vi med oss en flott gjeng til Strandli G\u00e5rd i Fiplingdalen. Tross v\u00e6rgudene ikke var p\u00e5 v\u00e5r side. Ble det 3 dager med lange scoooterturer i flott natur.&hellip; Les mer<\/p>","protected":false},"author":2,"featured_media":0,"parent":0,"menu_order":0,"comment_status":"closed","ping_status":"closed","template":"elementor_header_footer","meta":{"footnotes":""},"class_list":["post-785","page","type-page","status-publish"],"yoast_head":"<!-- This site is optimized with the Yoast SEO plugin v27.4 - https:\/\/yoast.com\/product\/yoast-seo-wordpress\/ -->\n<title>NEWS - GoExtreme<\/title>\n<meta name=\"robots\" content=\"index, follow, max-snippet:-1, max-image-preview:large, max-video-preview:-1\" \/>\n<link rel=\"canonical\" href=\"https:\/\/goextreme.no\/en\/news\/\" \/>\n<meta property=\"og:locale\" content=\"en_GB\" \/>\n<meta property=\"og:type\" content=\"article\" \/>\n<meta property=\"og:title\" content=\"NEWS - GoExtreme\" \/>\n<meta property=\"og:description\" content=\"Nyheter Les om spennende turer vi har v\u00e6rt p\u00e5, gode opplevelser og siste nytt om oss Du kan n\u00e5 bestille skuterturer gjennom Fru Haugans Hotell! Bestill her: BOOK 24Feb Skutertur til Strandli G\u00e5rd I helga hadde vi med oss en flott gjeng til Strandli G\u00e5rd i Fiplingdalen. Tross v\u00e6rgudene ikke var p\u00e5 v\u00e5r side. Ble det 3 dager med lange scoooterturer i flott natur.&hellip; Les mer\" \/>\n<meta property=\"og:url\" content=\"https:\/\/goextreme.no\/en\/news\/\" \/>\n<meta property=\"og:site_name\" content=\"GoExtreme\" \/>\n<meta property=\"article:modified_time\" content=\"2024-10-25T12:24:29+00:00\" \/>\n<meta property=\"og:image\" content=\"https:\/\/165.227.169.1\/wp-content\/uploads\/2021\/01\/52868941_2232728460276748_1036932798927077376_n.jpg\" \/>\n<meta name=\"twitter:card\" content=\"summary_large_image\" \/>\n<meta name=\"twitter:label1\" content=\"Estimated reading time\" \/>\n\t<meta name=\"twitter:data1\" content=\"4 minutes\" \/>\n<script type=\"application\/ld+json\" class=\"yoast-schema-graph\">{\"@context\":\"https:\\\/\\\/schema.org\",\"@graph\":[{\"@type\":\"WebPage\",\"@id\":\"https:\\\/\\\/goextreme.no\\\/news\\\/\",\"url\":\"https:\\\/\\\/goextreme.no\\\/news\\\/\",\"name\":\"NEWS - GoExtreme\",\"isPartOf\":{\"@id\":\"https:\\\/\\\/goextreme.no\\\/nb\\\/#website\"},\"primaryImageOfPage\":{\"@id\":\"https:\\\/\\\/goextreme.no\\\/news\\\/#primaryimage\"},\"image\":{\"@id\":\"https:\\\/\\\/goextreme.no\\\/news\\\/#primaryimage\"},\"thumbnailUrl\":\"https:\\\/\\\/165.227.169.1\\\/wp-content\\\/uploads\\\/2021\\\/01\\\/52868941_2232728460276748_1036932798927077376_n.jpg\",\"datePublished\":\"2021-01-18T11:38:40+00:00\",\"dateModified\":\"2024-10-25T12:24:29+00:00\",\"breadcrumb\":{\"@id\":\"https:\\\/\\\/goextreme.no\\\/news\\\/#breadcrumb\"},\"inLanguage\":\"en-GB\",\"potentialAction\":[{\"@type\":\"ReadAction\",\"target\":[\"https:\\\/\\\/goextreme.no\\\/news\\\/\"]}]},{\"@type\":\"ImageObject\",\"inLanguage\":\"en-GB\",\"@id\":\"https:\\\/\\\/goextreme.no\\\/news\\\/#primaryimage\",\"url\":\"https:\\\/\\\/165.227.169.1\\\/wp-content\\\/uploads\\\/2021\\\/01\\\/52868941_2232728460276748_1036932798927077376_n.jpg\",\"contentUrl\":\"https:\\\/\\\/165.227.169.1\\\/wp-content\\\/uploads\\\/2021\\\/01\\\/52868941_2232728460276748_1036932798927077376_n.jpg\"},{\"@type\":\"BreadcrumbList\",\"@id\":\"https:\\\/\\\/goextreme.no\\\/news\\\/#breadcrumb\",\"itemListElement\":[{\"@type\":\"ListItem\",\"position\":1,\"name\":\"Home\",\"item\":\"https:\\\/\\\/goextreme.no\\\/\"},{\"@type\":\"ListItem\",\"position\":2,\"name\":\"NEWS\"}]},{\"@type\":\"WebSite\",\"@id\":\"https:\\\/\\\/goextreme.no\\\/nb\\\/#website\",\"url\":\"https:\\\/\\\/goextreme.no\\\/nb\\\/\",\"name\":\"GoExtreme\",\"description\":\"Experience Norway\",\"publisher\":{\"@id\":\"https:\\\/\\\/goextreme.no\\\/nb\\\/#organization\"},\"potentialAction\":[{\"@type\":\"SearchAction\",\"target\":{\"@type\":\"EntryPoint\",\"urlTemplate\":\"https:\\\/\\\/goextreme.no\\\/nb\\\/?s={search_term_string}\"},\"query-input\":{\"@type\":\"PropertyValueSpecification\",\"valueRequired\":true,\"valueName\":\"search_term_string\"}}],\"inLanguage\":\"en-GB\"},{\"@type\":\"Organization\",\"@id\":\"https:\\\/\\\/goextreme.no\\\/nb\\\/#organization\",\"name\":\"GoExtreme\",\"url\":\"https:\\\/\\\/goextreme.no\\\/nb\\\/\",\"logo\":{\"@type\":\"ImageObject\",\"inLanguage\":\"en-GB\",\"@id\":\"https:\\\/\\\/goextreme.no\\\/nb\\\/#\\\/schema\\\/logo\\\/image\\\/\",\"url\":\"https:\\\/\\\/165.227.169.1\\\/wp-content\\\/uploads\\\/2021\\\/01\\\/goextreme-2.png\",\"contentUrl\":\"https:\\\/\\\/165.227.169.1\\\/wp-content\\\/uploads\\\/2021\\\/01\\\/goextreme-2.png\",\"width\":1462,\"height\":412,\"caption\":\"GoExtreme\"},\"image\":{\"@id\":\"https:\\\/\\\/goextreme.no\\\/nb\\\/#\\\/schema\\\/logo\\\/image\\\/\"}}]}<\/script>\n<!-- \/ Yoast SEO plugin. -->","yoast_head_json":{"title":"NEWS - GoExtreme","robots":{"index":"index","follow":"follow","max-snippet":"max-snippet:-1","max-image-preview":"max-image-preview:large","max-video-preview":"max-video-preview:-1"},"canonical":"https:\/\/goextreme.no\/en\/news\/","og_locale":"en_GB","og_type":"article","og_title":"NEWS - GoExtreme","og_description":"Nyheter Les om spennende turer vi har v\u00e6rt p\u00e5, gode opplevelser og siste nytt om oss Du kan n\u00e5 bestille skuterturer gjennom Fru Haugans Hotell! Bestill her: BOOK 24Feb Skutertur til Strandli G\u00e5rd I helga hadde vi med oss en flott gjeng til Strandli G\u00e5rd i Fiplingdalen. Tross v\u00e6rgudene ikke var p\u00e5 v\u00e5r side. Ble det 3 dager med lange scoooterturer i flott natur.&hellip; Les mer","og_url":"https:\/\/goextreme.no\/en\/news\/","og_site_name":"GoExtreme","article_modified_time":"2024-10-25T12:24:29+00:00","og_image":[{"url":"https:\/\/165.227.169.1\/wp-content\/uploads\/2021\/01\/52868941_2232728460276748_1036932798927077376_n.jpg","type":"","width":"","height":""}],"twitter_card":"summary_large_image","twitter_misc":{"Estimated reading time":"4 minutes"},"schema":{"@context":"https:\/\/schema.org","@graph":[{"@type":"WebPage","@id":"https:\/\/goextreme.no\/news\/","url":"https:\/\/goextreme.no\/news\/","name":"NEWS - GoExtreme","isPartOf":{"@id":"https:\/\/goextreme.no\/nb\/#website"},"primaryImageOfPage":{"@id":"https:\/\/goextreme.no\/news\/#primaryimage"},"image":{"@id":"https:\/\/goextreme.no\/news\/#primaryimage"},"thumbnailUrl":"https:\/\/165.227.169.1\/wp-content\/uploads\/2021\/01\/52868941_2232728460276748_1036932798927077376_n.jpg","datePublished":"2021-01-18T11:38:40+00:00","dateModified":"2024-10-25T12:24:29+00:00","breadcrumb":{"@id":"https:\/\/goextreme.no\/news\/#breadcrumb"},"inLanguage":"en-GB","potentialAction":[{"@type":"ReadAction","target":["https:\/\/goextreme.no\/news\/"]}]},{"@type":"ImageObject","inLanguage":"en-GB","@id":"https:\/\/goextreme.no\/news\/#primaryimage","url":"https:\/\/165.227.169.1\/wp-content\/uploads\/2021\/01\/52868941_2232728460276748_1036932798927077376_n.jpg","contentUrl":"https:\/\/165.227.169.1\/wp-content\/uploads\/2021\/01\/52868941_2232728460276748_1036932798927077376_n.jpg"},{"@type":"BreadcrumbList","@id":"https:\/\/goextreme.no\/news\/#breadcrumb","itemListElement":[{"@type":"ListItem","position":1,"name":"Home","item":"https:\/\/goextreme.no\/"},{"@type":"ListItem","position":2,"name":"NEWS"}]},{"@type":"WebSite","@id":"https:\/\/goextreme.no\/nb\/#website","url":"https:\/\/goextreme.no\/nb\/","name":"GoExtreme","description":"Experience Norway","publisher":{"@id":"https:\/\/goextreme.no\/nb\/#organization"},"potentialAction":[{"@type":"SearchAction","target":{"@type":"EntryPoint","urlTemplate":"https:\/\/goextreme.no\/nb\/?s={search_term_string}"},"query-input":{"@type":"PropertyValueSpecification","valueRequired":true,"valueName":"search_term_string"}}],"inLanguage":"en-GB"},{"@type":"Organization","@id":"https:\/\/goextreme.no\/nb\/#organization","name":"GoExtreme","url":"https:\/\/goextreme.no\/nb\/","logo":{"@type":"ImageObject","inLanguage":"en-GB","@id":"https:\/\/goextreme.no\/nb\/#\/schema\/logo\/image\/","url":"https:\/\/165.227.169.1\/wp-content\/uploads\/2021\/01\/goextreme-2.png","contentUrl":"https:\/\/165.227.169.1\/wp-content\/uploads\/2021\/01\/goextreme-2.png","width":1462,"height":412,"caption":"GoExtreme"},"image":{"@id":"https:\/\/goextreme.no\/nb\/#\/schema\/logo\/image\/"}}]}},"_links":{"self":[{"href":"https:\/\/goextreme.no\/en\/wp-json\/wp\/v2\/pages\/785","targetHints":{"allow":["GET"]}}],"collection":[{"href":"https:\/\/goextreme.no\/en\/wp-json\/wp\/v2\/pages"}],"about":[{"href":"https:\/\/goextreme.no\/en\/wp-json\/wp\/v2\/types\/page"}],"author":[{"embeddable":true,"href":"https:\/\/goextreme.no\/en\/wp-json\/wp\/v2\/users\/2"}],"replies":[{"embeddable":true,"href":"https:\/\/goextreme.no\/en\/wp-json\/wp\/v2\/comments?post=785"}],"version-history":[{"count":0,"href":"https:\/\/goextreme.no\/en\/wp-json\/wp\/v2\/pages\/785\/revisions"}],"wp:attachment":[{"href":"https:\/\/goextreme.no\/en\/wp-json\/wp\/v2\/media?parent=785"}],"curies":[{"name":"wp","href":"https:\/\/api.w.org\/{rel}","templated":true}]}}