{"id":1849,"date":"2021-01-30T10:41:06","date_gmt":"2021-01-30T10:41:06","guid":{"rendered":"https:\/\/goextreme.no\/?page_id=1849"},"modified":"2024-10-25T12:21:57","modified_gmt":"2024-10-25T12:21:57","slug":"hunting","status":"publish","type":"page","link":"https:\/\/goextreme.no\/nb\/hunting\/","title":{"rendered":"HUNTING"},"content":{"rendered":"\t\t<div data-elementor-type=\"wp-page\" data-elementor-id=\"1849\" class=\"elementor elementor-1849\">\n\t\t\t\t\t\t<section class=\"elementor-section elementor-top-section elementor-element elementor-element-88c38e1 elementor-section-full_width elementor-section-height-min-height elementor-section-height-default elementor-section-items-middle\" data-id=\"88c38e1\" data-element_type=\"section\" data-e-type=\"section\" data-settings=\"{&quot;background_background&quot;:&quot;classic&quot;}\">\n\t\t\t\t\t\t\t<div class=\"elementor-background-overlay\"><\/div>\n\t\t\t\t\t\t\t<div class=\"elementor-container elementor-column-gap-extended\">\n\t\t\t\t\t<div class=\"elementor-column elementor-col-25 elementor-top-column elementor-element elementor-element-f8492d0\" data-id=\"f8492d0\" data-element_type=\"column\" data-e-type=\"column\">\n\t\t\t<div class=\"elementor-widget-wrap\">\n\t\t\t\t\t\t\t<\/div>\n\t\t<\/div>\n\t\t\t\t<div class=\"elementor-column elementor-col-25 elementor-top-column elementor-element elementor-element-1992c40\" data-id=\"1992c40\" data-element_type=\"column\" data-e-type=\"column\">\n\t\t\t<div class=\"elementor-widget-wrap\">\n\t\t\t\t\t\t\t<\/div>\n\t\t<\/div>\n\t\t\t\t<div class=\"elementor-column elementor-col-25 elementor-top-column elementor-element elementor-element-93a4119 elementor-hidden-tablet\" data-id=\"93a4119\" data-element_type=\"column\" data-e-type=\"column\">\n\t\t\t<div class=\"elementor-widget-wrap elementor-element-populated\">\n\t\t\t\t\t\t<div class=\"elementor-element elementor-element-622437d elementor-hidden-phone elementor-invisible elementor-widget elementor-widget-text-editor\" data-id=\"622437d\" data-element_type=\"widget\" data-e-type=\"widget\" data-settings=\"{&quot;_animation&quot;:&quot;fadeIn&quot;,&quot;_animation_delay&quot;:200}\" data-widget_type=\"text-editor.default\">\n\t\t\t\t<div class=\"elementor-widget-container\">\n\t\t\t\t\t\t\t\t\t<p>\u00d8nsker du \u00e5 v\u00e6re med p\u00e5 jakt, men vet ikke helt hvor du skal starte? Vi kan tilby jaktturer for deg med liten erfaring, eller r\u00e5d og veiledning til deg med erfaring.<\/p><p>Statskog tilbyr jakt p\u00e5 rype og skogsfugl i Hattfjelldal. P\u00e5 deres areal kan det ogs\u00e5 jaktes p\u00e5 andre arter som f.eks. rugde, ender, g\u00e5s og trost. Jakt p\u00e5 rype og skogsfugl har tradisjonelt stor ettersp\u00f8rsel.\u00a0<span style=\"font-size: 0.9vw; letter-spacing: 0.3px; word-spacing: normal;\">Jaktfeltene ligger i skogen og opp mot h\u00f8gfjellet og snaufjellet. Jegere kan velge mellom lett tilgjengelig jakt n\u00e6r bilvei eller mer villmarkspreget jakt med flere timers gange inn til jaktfeltet.<\/span><\/p>\t\t\t\t\t\t\t\t<\/div>\n\t\t\t\t<\/div>\n\t\t\t\t<div class=\"elementor-element elementor-element-ec8a955 elementor-align-center elementor-widget__width-auto elementor-hidden-phone elementor-invisible elementor-widget elementor-widget-button\" data-id=\"ec8a955\" data-element_type=\"widget\" data-e-type=\"widget\" data-settings=\"{&quot;_animation&quot;:&quot;fadeIn&quot;,&quot;_animation_delay&quot;:500}\" data-widget_type=\"button.default\">\n\t\t\t\t<div class=\"elementor-widget-container\">\n\t\t\t\t\t\t\t\t\t<div class=\"elementor-button-wrapper\">\n\t\t\t\t\t<a class=\"elementor-button elementor-button-link elementor-size-sm\" href=\"#book\">\n\t\t\t\t\t\t<span class=\"elementor-button-content-wrapper\">\n\t\t\t\t\t\t\t\t\t<span class=\"elementor-button-text\">BOOK N\u00c5<\/span>\n\t\t\t\t\t<\/span>\n\t\t\t\t\t<\/a>\n\t\t\t\t<\/div>\n\t\t\t\t\t\t\t\t<\/div>\n\t\t\t\t<\/div>\n\t\t\t\t\t<\/div>\n\t\t<\/div>\n\t\t\t\t<div class=\"elementor-column elementor-col-25 elementor-top-column elementor-element elementor-element-885a5ef\" data-id=\"885a5ef\" data-element_type=\"column\" data-e-type=\"column\">\n\t\t\t<div class=\"elementor-widget-wrap\">\n\t\t\t\t\t\t\t<\/div>\n\t\t<\/div>\n\t\t\t\t\t<\/div>\n\t\t<\/section>\n\t\t\t\t<section class=\"elementor-section elementor-top-section elementor-element elementor-element-575b0f3 elementor-section-height-min-height elementor-hidden-desktop elementor-section-boxed elementor-section-height-default elementor-section-items-middle\" data-id=\"575b0f3\" data-element_type=\"section\" data-e-type=\"section\" data-settings=\"{&quot;background_background&quot;:&quot;classic&quot;}\">\n\t\t\t\t\t\t\t<div class=\"elementor-background-overlay\"><\/div>\n\t\t\t\t\t\t\t<div class=\"elementor-container elementor-column-gap-extended\">\n\t\t\t\t\t<div class=\"elementor-column elementor-col-100 elementor-top-column elementor-element elementor-element-7771bbd\" data-id=\"7771bbd\" data-element_type=\"column\" data-e-type=\"column\">\n\t\t\t<div class=\"elementor-widget-wrap elementor-element-populated\">\n\t\t\t\t\t\t<div class=\"elementor-element elementor-element-0c8ba91 elementor-invisible elementor-widget elementor-widget-text-editor\" data-id=\"0c8ba91\" data-element_type=\"widget\" data-e-type=\"widget\" data-settings=\"{&quot;_animation&quot;:&quot;fadeIn&quot;,&quot;_animation_delay&quot;:200}\" data-widget_type=\"text-editor.default\">\n\t\t\t\t<div class=\"elementor-widget-container\">\n\t\t\t\t\t\t\t\t\t<p>Statskog tilbyr jakt p\u00e5 rype og skogsfugl i Hattfjelldal. P\u00e5 deres areal kan det ogs\u00e5 jaktes p\u00e5 andre arter som f.eks. rugde, ender, g\u00e5s og trost. Jakt p\u00e5 rype og skogsfugl har tradisjonelt stor ettersp\u00f8rsel.\u00a0<\/p><p>Statskog SF har jaktfelt i Hattfjelldal. Jaktfeltene ligger\u00a0 i skogen og opp mot h\u00f8gfjellet og snaufjellet. Jegere kan velge mellom lett tilgjengelig jakt n\u00e6r bilvei eller mer villmarkspreget jakt med flere timers gange inn til jaktfeltet.<\/p>\t\t\t\t\t\t\t\t<\/div>\n\t\t\t\t<\/div>\n\t\t\t\t<div class=\"elementor-element elementor-element-9e17fd1 elementor-align-center elementor-widget__width-auto elementor-invisible elementor-widget elementor-widget-button\" data-id=\"9e17fd1\" data-element_type=\"widget\" data-e-type=\"widget\" data-settings=\"{&quot;_animation&quot;:&quot;fadeIn&quot;,&quot;_animation_delay&quot;:500}\" data-widget_type=\"button.default\">\n\t\t\t\t<div class=\"elementor-widget-container\">\n\t\t\t\t\t\t\t\t\t<div class=\"elementor-button-wrapper\">\n\t\t\t\t\t<a class=\"elementor-button elementor-button-link elementor-size-sm\" href=\"#book\">\n\t\t\t\t\t\t<span class=\"elementor-button-content-wrapper\">\n\t\t\t\t\t\t\t\t\t<span class=\"elementor-button-text\">BOOK N\u00c5<\/span>\n\t\t\t\t\t<\/span>\n\t\t\t\t\t<\/a>\n\t\t\t\t<\/div>\n\t\t\t\t\t\t\t\t<\/div>\n\t\t\t\t<\/div>\n\t\t\t\t\t<\/div>\n\t\t<\/div>\n\t\t\t\t\t<\/div>\n\t\t<\/section>\n\t\t\t\t<section class=\"elementor-section elementor-top-section elementor-element elementor-element-2cb0a6c elementor-section-boxed elementor-section-height-default elementor-section-height-default\" data-id=\"2cb0a6c\" data-element_type=\"section\" data-e-type=\"section\" data-settings=\"{&quot;background_background&quot;:&quot;classic&quot;}\">\n\t\t\t\t\t\t\t<div class=\"elementor-background-overlay\"><\/div>\n\t\t\t\t\t\t\t<div class=\"elementor-container elementor-column-gap-default\">\n\t\t\t\t\t<div class=\"elementor-column elementor-col-100 elementor-top-column elementor-element elementor-element-0c2df30\" data-id=\"0c2df30\" data-element_type=\"column\" data-e-type=\"column\">\n\t\t\t<div class=\"elementor-widget-wrap elementor-element-populated\">\n\t\t\t\t\t\t<div class=\"elementor-element elementor-element-d2a0074 elementor-invisible elementor-widget elementor-widget-text-editor\" data-id=\"d2a0074\" data-element_type=\"widget\" data-e-type=\"widget\" data-settings=\"{&quot;_animation&quot;:&quot;fadeIn&quot;,&quot;_animation_delay&quot;:200}\" data-widget_type=\"text-editor.default\">\n\t\t\t\t<div class=\"elementor-widget-container\">\n\t\t\t\t\t\t\t\t\t<p>\u00a0<\/p><p><b>MER INFORMASJON<\/b><\/p>\t\t\t\t\t\t\t\t<\/div>\n\t\t\t\t<\/div>\n\t\t\t\t<section class=\"elementor-section elementor-inner-section elementor-element elementor-element-5b58deb elementor-section-boxed elementor-section-height-default elementor-section-height-default\" data-id=\"5b58deb\" data-element_type=\"section\" data-e-type=\"section\">\n\t\t\t\t\t\t<div class=\"elementor-container elementor-column-gap-default\">\n\t\t\t\t\t<div class=\"elementor-column elementor-col-33 elementor-inner-column elementor-element elementor-element-998046f\" data-id=\"998046f\" data-element_type=\"column\" data-e-type=\"column\">\n\t\t\t<div class=\"elementor-widget-wrap elementor-element-populated\">\n\t\t\t\t\t\t<div class=\"elementor-element elementor-element-21f41ec elementor-invisible elementor-widget elementor-widget-text-editor\" data-id=\"21f41ec\" data-element_type=\"widget\" data-e-type=\"widget\" data-settings=\"{&quot;_animation&quot;:&quot;fadeIn&quot;,&quot;_animation_delay&quot;:200}\" data-widget_type=\"text-editor.default\">\n\t\t\t\t<div class=\"elementor-widget-container\">\n\t\t\t\t\t\t\t\t\t<p><strong>FUGL<\/strong><\/p><p style=\"margin: 0in; line-height: 17.4pt;\"><span lang=\"NO-BOK\" style=\"font-size: 10.0pt;\">Statskog tilbyr jakt p\u00e5 rype og skogsfugl i Hattfjelldal. <\/span><span lang=\"NO-BOK\" style=\"font-size: 10.0pt;\">P\u00e5 deres areal kan det ogs\u00e5 jaktes p\u00e5 andre arter som f.eks. rugde, ender, g\u00e5s og trost.\u00a0 <\/span><span lang=\"NO-BOK\" style=\"font-size: 10.0pt;\">Jakt p\u00e5 rype og skogsfugl har tradisjonelt stor ettersp\u00f8rsel.<\/span><\/p>\t\t\t\t\t\t\t\t<\/div>\n\t\t\t\t<\/div>\n\t\t\t\t<div class=\"elementor-element elementor-element-b239a45 elementor-invisible elementor-widget elementor-widget-text-editor\" data-id=\"b239a45\" data-element_type=\"widget\" data-e-type=\"widget\" data-settings=\"{&quot;_animation&quot;:&quot;fadeIn&quot;,&quot;_animation_delay&quot;:200}\" data-widget_type=\"text-editor.default\">\n\t\t\t\t<div class=\"elementor-widget-container\">\n\t\t\t\t\t\t\t\t\t<p><strong>RYPEJAKT<\/strong><\/p><p style=\"margin: 0in; line-height: 17.4pt;\"><span lang=\"NO-BOK\" style=\"font-size: 10.0pt;\">Statskog er en betydelig tilbyder av rypejakt. Vi har store arealer i Hattfjelldal, men vi har ogs\u00e5 gode jaktomr\u00e5der Grane, Vefsn og Hemnes. Disse er tilgjengelig under 1 times kj\u00f8ring fra Hattfjelldal hotell.<\/span><\/p><p style=\"margin: 0in; line-height: 17.4pt;\"><span lang=\"NO-BOK\" style=\"font-size: 10.0pt;\">Rypejakta er &laquo;folkejakta&raquo; i Norge. Det er opp mot 50.000 jegere som oppgir at de jakter ryper hvert \u00e5r. Lirypejakt med hund har blitt veldig popul\u00e6rt. <\/span><\/p><p style=\"margin: 0in; line-height: 17.4pt;\"><span lang=\"NO-BOK\" style=\"font-size: 10.0pt;\">Statskog tilbyr ogs\u00e5 gode terreng for jakt p\u00e5 fjellrype.<\/span><\/p><p>\u00a0<\/p><p>Sesongen varer fra 10. september til 28. februar.<\/p><p><strong><a href=\"https:\/\/www.inatur.no\/sok#?q=Statskog&amp;f=%5B%7B\" type=\"\">BESTILL JAKTKORT HER<\/a><\/strong><\/p><p style=\"margin: 0in; line-height: 17.4pt;\">\u00a0<\/p>\t\t\t\t\t\t\t\t<\/div>\n\t\t\t\t<\/div>\n\t\t\t\t\t<\/div>\n\t\t<\/div>\n\t\t\t\t<div class=\"elementor-column elementor-col-33 elementor-inner-column elementor-element elementor-element-3c4cbee\" data-id=\"3c4cbee\" data-element_type=\"column\" data-e-type=\"column\">\n\t\t\t<div class=\"elementor-widget-wrap elementor-element-populated\">\n\t\t\t\t\t\t<div class=\"elementor-element elementor-element-4a89dff elementor-invisible elementor-widget elementor-widget-text-editor\" data-id=\"4a89dff\" data-element_type=\"widget\" data-e-type=\"widget\" data-settings=\"{&quot;_animation&quot;:&quot;fadeIn&quot;,&quot;_animation_delay&quot;:200}\" data-widget_type=\"text-editor.default\">\n\t\t\t\t<div class=\"elementor-widget-container\">\n\t\t\t\t\t\t\t\t\t<p><strong>Jakt p\u00e5 skogsfugl<\/strong><\/p><p style=\"margin: 0in; line-height: 17.4pt;\"><span lang=\"NO-BOK\" style=\"font-size: 10.0pt;\">Statskog forvalter store skogomr\u00e5der egnet for skogsfugljakt. Gode skogsfuglterreng er ofte rene barskog-omr\u00e5der. Det som mange omtaler som &laquo;trollskog&raquo;, er attraktiv skog for skogsfugljakt.<\/span><\/p><p style=\"margin: 0in; line-height: 17.4pt;\"><span lang=\"NO-BOK\" style=\"font-size: 10.0pt;\">Skogsfugljakt er en spennende og krevende jaktform da de er sky og er mestere p\u00e5 \u00e5 lure seg unna. Det henger spesielt h\u00f8yt \u00e5 skyte en tiur!<br \/><br \/><\/span><\/p><p style=\"margin: 0in; line-height: 17.4pt;\"><span lang=\"NO-BOK\" style=\"font-size: 10.0pt;\">(Skogsfugl er en samlebetegnelse p\u00e5: <\/span><span lang=\"NO-BOK\" style=\"font-size: 10.0pt;\">tiur, <\/span><span lang=\"NO-BOK\" style=\"font-size: 10.0pt;\">r\u00f8y, <\/span><span lang=\"NO-BOK\" style=\"font-size: 10.0pt;\">orrhane, <\/span><span lang=\"NO-BOK\" style=\"font-size: 10.0pt;\">orrh\u00f8ne og <\/span><span lang=\"NO-BOK\" style=\"font-size: 10.0pt;\">jerpe)<\/span><\/p><p><a href=\"https:\/\/www.inatur.no\/sok#?q=Statskog&amp;f=%5B%7B&quot;felt&quot;%3A&quot;type&quot;%2C&quot;sokeord&quot;%3A&quot;smaavilttilbud&quot;%7D%2C%7B&quot;felt&quot;%3A&quot;arter&quot;%2C&quot;sokeord&quot;%3A&quot;lirype&quot;%7D%5D\" data-wplink-url-error=\"true\"><strong>BESTILL JAKTKORT HER<\/strong><\/a><\/p>\t\t\t\t\t\t\t\t<\/div>\n\t\t\t\t<\/div>\n\t\t\t\t\t<\/div>\n\t\t<\/div>\n\t\t\t\t<div class=\"elementor-column elementor-col-33 elementor-inner-column elementor-element elementor-element-d49ea22\" data-id=\"d49ea22\" data-element_type=\"column\" data-e-type=\"column\">\n\t\t\t<div class=\"elementor-widget-wrap elementor-element-populated\">\n\t\t\t\t\t\t<div class=\"elementor-element elementor-element-d8cf363 elementor-invisible elementor-widget elementor-widget-text-editor\" data-id=\"d8cf363\" data-element_type=\"widget\" data-e-type=\"widget\" data-settings=\"{&quot;_animation&quot;:&quot;fadeIn&quot;,&quot;_animation_delay&quot;:200}\" data-widget_type=\"text-editor.default\">\n\t\t\t\t<div class=\"elementor-widget-container\">\n\t\t\t\t\t\t\t\t\t<p><strong>STORVILTJAKT<\/strong><\/p><p><strong>ELG<\/strong><\/p><p style=\"margin: 0in; line-height: 17.4pt;\">Statskog SF har jaktfelt i Hattfjelldal. Jaktfeltene ligger i skogen og opp mot h\u00f8gfjellet og snaufjellet. Jegere kan velge mellom lett tilgjengelig jakt n\u00e6r bilvei eller mer villmarkspreget jakt med flere timers gange inn til jaktfeltet.<br \/><br \/><strong>ELGJAKT FOR JAKTLAG<br \/><\/strong><\/p><p style=\"margin: 0in; line-height: 17.4pt;\"><span lang=\"NO-BOK\" style=\"font-size: 10.0pt;\">Ordin\u00e6r elgjakt er basert p\u00e5 jaktlag, s\u00f8knad og trekning. Mange jaktfelt er delt opp i perioder, b\u00e5de for \u00e5 gi flere jegere\/jaktlag tilbud, men ogs\u00e5 for \u00e5 sikre at tilstrekkelig antall dyr blir felt.<\/span><\/p><p style=\"margin: 0in; line-height: 17.4pt;\"><span lang=\"NO-BOK\" style=\"font-size: 10.0pt;\">Det er stor rift om \u00e5 jakte elg p\u00e5 statens grunn. I gjennomsnitt kommer det inn tre-fire ganger s\u00e5 mange s\u00f8knader enn Statskog har tilbud til.<\/span><\/p><p style=\"margin: 0in; line-height: 17.4pt;\"><strong>\u00a0<\/strong><\/p>\t\t\t\t\t\t\t\t<\/div>\n\t\t\t\t<\/div>\n\t\t\t\t\t<\/div>\n\t\t<\/div>\n\t\t\t\t\t<\/div>\n\t\t<\/section>\n\t\t\t\t\t<\/div>\n\t\t<\/div>\n\t\t\t\t\t<\/div>\n\t\t<\/section>\n\t\t\t\t<section class=\"elementor-section elementor-top-section elementor-element elementor-element-6d77a4e elementor-section-boxed elementor-section-height-default elementor-section-height-default\" data-id=\"6d77a4e\" data-element_type=\"section\" data-e-type=\"section\" data-settings=\"{&quot;background_background&quot;:&quot;classic&quot;}\">\n\t\t\t\t\t\t<div class=\"elementor-container elementor-column-gap-default\">\n\t\t\t\t\t<div class=\"elementor-column elementor-col-100 elementor-top-column elementor-element elementor-element-206d8c8\" data-id=\"206d8c8\" data-element_type=\"column\" data-e-type=\"column\">\n\t\t\t<div class=\"elementor-widget-wrap elementor-element-populated\">\n\t\t\t\t\t\t<div class=\"elementor-element elementor-element-4a50d60 elementor-invisible elementor-widget elementor-widget-text-editor\" data-id=\"4a50d60\" data-element_type=\"widget\" data-e-type=\"widget\" data-settings=\"{&quot;_animation&quot;:&quot;fadeIn&quot;,&quot;_animation_delay&quot;:200}\" data-widget_type=\"text-editor.default\">\n\t\t\t\t<div class=\"elementor-widget-container\">\n\t\t\t\t\t\t\t\t\t<p><b>BOOK HER:<\/b><\/p>\t\t\t\t\t\t\t\t<\/div>\n\t\t\t\t<\/div>\n\t\t\t\t<div class=\"elementor-element elementor-element-9eb993e elementor-align-center elementor-widget__width-auto elementor-widget-mobile__width-inherit elementor-invisible elementor-widget elementor-widget-button\" data-id=\"9eb993e\" data-element_type=\"widget\" data-e-type=\"widget\" id=\"book\" data-settings=\"{&quot;_animation&quot;:&quot;fadeIn&quot;,&quot;_animation_delay&quot;:500}\" data-widget_type=\"button.default\">\n\t\t\t\t<div class=\"elementor-widget-container\">\n\t\t\t\t\t\t\t\t\t<div class=\"elementor-button-wrapper\">\n\t\t\t\t\t<a class=\"elementor-button elementor-button-link elementor-size-sm\" href=\"\/kontaktoss\">\n\t\t\t\t\t\t<span class=\"elementor-button-content-wrapper\">\n\t\t\t\t\t\t\t\t\t<span class=\"elementor-button-text\">BOOK HER<\/span>\n\t\t\t\t\t<\/span>\n\t\t\t\t\t<\/a>\n\t\t\t\t<\/div>\n\t\t\t\t\t\t\t\t<\/div>\n\t\t\t\t<\/div>\n\t\t\t\t\t<\/div>\n\t\t<\/div>\n\t\t\t\t\t<\/div>\n\t\t<\/section>\n\t\t\t\t<\/div>\n\t\t","protected":false},"excerpt":{"rendered":"<p>\u00d8nsker du \u00e5 v\u00e6re med p\u00e5 jakt, men vet ikke helt hvor du skal starte? Vi kan tilby jaktturer for deg med liten erfaring, eller r\u00e5d og veiledning til deg med erfaring. Statskog tilbyr jakt p\u00e5 rype og skogsfugl i Hattfjelldal. P\u00e5 deres areal kan det ogs\u00e5 jaktes p\u00e5 andre arter som f.eks. rugde, ender, g\u00e5s og trost. Jakt p\u00e5 rype og skogsfugl har tradisjonelt stor ettersp\u00f8rsel.\u00a0Jaktfeltene ligger i skogen og opp mot h\u00f8gfjellet og snaufjellet. Jegere kan velge mellom lett tilgjengelig jakt n\u00e6r bilvei eller mer villmarkspreget jakt med flere timers gange inn til jaktfeltet. BOOK N\u00c5 Statskog tilbyr jakt p\u00e5 rype og skogsfugl i Hattfjelldal. P\u00e5 deres areal kan det ogs\u00e5 jaktes p\u00e5 andre arter som f.eks. rugde, ender, g\u00e5s og trost. Jakt p\u00e5 rype og skogsfugl har tradisjonelt stor ettersp\u00f8rsel.\u00a0 Statskog SF har jaktfelt i Hattfjelldal. Jaktfeltene ligger\u00a0 i skogen og opp mot h\u00f8gfjellet og snaufjellet. Jegere&hellip;<\/p>\n<p> <a class=\"more-link\" href=\"https:\/\/goextreme.no\/nb\/hunting\/\">Read more<\/a><\/p>\n","protected":false},"author":2,"featured_media":0,"parent":0,"menu_order":0,"comment_status":"closed","ping_status":"closed","template":"elementor_header_footer","meta":{"footnotes":""},"class_list":["post-1849","page","type-page","status-publish"],"yoast_head":"<!-- This site is optimized with the Yoast SEO plugin v27.5 - https:\/\/yoast.com\/product\/yoast-seo-wordpress\/ -->\n<title>HUNTING - GoExtreme<\/title>\n<meta name=\"robots\" content=\"index, follow, max-snippet:-1, max-image-preview:large, max-video-preview:-1\" \/>\n<link rel=\"canonical\" href=\"https:\/\/goextreme.no\/nb\/hunting\/\" \/>\n<meta property=\"og:locale\" content=\"nb_NO\" \/>\n<meta property=\"og:type\" content=\"article\" \/>\n<meta property=\"og:title\" content=\"HUNTING - GoExtreme\" \/>\n<meta property=\"og:description\" content=\"\u00d8nsker du \u00e5 v\u00e6re med p\u00e5 jakt, men vet ikke helt hvor du skal starte? Vi kan tilby jaktturer for deg med liten erfaring, eller r\u00e5d og veiledning til deg med erfaring. Statskog tilbyr jakt p\u00e5 rype og skogsfugl i Hattfjelldal. P\u00e5 deres areal kan det ogs\u00e5 jaktes p\u00e5 andre arter som f.eks. rugde, ender, g\u00e5s og trost. Jakt p\u00e5 rype og skogsfugl har tradisjonelt stor ettersp\u00f8rsel.\u00a0Jaktfeltene ligger i skogen og opp mot h\u00f8gfjellet og snaufjellet. Jegere kan velge mellom lett tilgjengelig jakt n\u00e6r bilvei eller mer villmarkspreget jakt med flere timers gange inn til jaktfeltet. BOOK N\u00c5 Statskog tilbyr jakt p\u00e5 rype og skogsfugl i Hattfjelldal. P\u00e5 deres areal kan det ogs\u00e5 jaktes p\u00e5 andre arter som f.eks. rugde, ender, g\u00e5s og trost. Jakt p\u00e5 rype og skogsfugl har tradisjonelt stor ettersp\u00f8rsel.\u00a0 Statskog SF har jaktfelt i Hattfjelldal. Jaktfeltene ligger\u00a0 i skogen og opp mot h\u00f8gfjellet og snaufjellet. Jegere&hellip;  Read more\" \/>\n<meta property=\"og:url\" content=\"https:\/\/goextreme.no\/nb\/hunting\/\" \/>\n<meta property=\"og:site_name\" content=\"GoExtreme\" \/>\n<meta property=\"article:modified_time\" content=\"2024-10-25T12:21:57+00:00\" \/>\n<meta name=\"twitter:card\" content=\"summary_large_image\" \/>\n<meta name=\"twitter:label1\" content=\"Ansl. lesetid\" \/>\n\t<meta name=\"twitter:data1\" content=\"11 minutter\" \/>\n<script type=\"application\/ld+json\" class=\"yoast-schema-graph\">{\"@context\":\"https:\\\/\\\/schema.org\",\"@graph\":[{\"@type\":\"WebPage\",\"@id\":\"https:\\\/\\\/goextreme.no\\\/en\\\/hunting\\\/\",\"url\":\"https:\\\/\\\/goextreme.no\\\/en\\\/hunting\\\/\",\"name\":\"HUNTING - GoExtreme\",\"isPartOf\":{\"@id\":\"https:\\\/\\\/goextreme.no\\\/nb\\\/#website\"},\"datePublished\":\"2021-01-30T10:41:06+00:00\",\"dateModified\":\"2024-10-25T12:21:57+00:00\",\"breadcrumb\":{\"@id\":\"https:\\\/\\\/goextreme.no\\\/en\\\/hunting\\\/#breadcrumb\"},\"inLanguage\":\"nb-NO\",\"potentialAction\":[{\"@type\":\"ReadAction\",\"target\":[\"https:\\\/\\\/goextreme.no\\\/en\\\/hunting\\\/\"]}]},{\"@type\":\"BreadcrumbList\",\"@id\":\"https:\\\/\\\/goextreme.no\\\/en\\\/hunting\\\/#breadcrumb\",\"itemListElement\":[{\"@type\":\"ListItem\",\"position\":1,\"name\":\"Home\",\"item\":\"https:\\\/\\\/goextreme.no\\\/\"},{\"@type\":\"ListItem\",\"position\":2,\"name\":\"HUNTING\"}]},{\"@type\":\"WebSite\",\"@id\":\"https:\\\/\\\/goextreme.no\\\/nb\\\/#website\",\"url\":\"https:\\\/\\\/goextreme.no\\\/nb\\\/\",\"name\":\"GoExtreme\",\"description\":\"Experience Norway\",\"publisher\":{\"@id\":\"https:\\\/\\\/goextreme.no\\\/nb\\\/#organization\"},\"potentialAction\":[{\"@type\":\"SearchAction\",\"target\":{\"@type\":\"EntryPoint\",\"urlTemplate\":\"https:\\\/\\\/goextreme.no\\\/nb\\\/?s={search_term_string}\"},\"query-input\":{\"@type\":\"PropertyValueSpecification\",\"valueRequired\":true,\"valueName\":\"search_term_string\"}}],\"inLanguage\":\"nb-NO\"},{\"@type\":\"Organization\",\"@id\":\"https:\\\/\\\/goextreme.no\\\/nb\\\/#organization\",\"name\":\"GoExtreme\",\"url\":\"https:\\\/\\\/goextreme.no\\\/nb\\\/\",\"logo\":{\"@type\":\"ImageObject\",\"inLanguage\":\"nb-NO\",\"@id\":\"https:\\\/\\\/goextreme.no\\\/nb\\\/#\\\/schema\\\/logo\\\/image\\\/\",\"url\":\"https:\\\/\\\/165.227.169.1\\\/wp-content\\\/uploads\\\/2021\\\/01\\\/goextreme-2.png\",\"contentUrl\":\"https:\\\/\\\/165.227.169.1\\\/wp-content\\\/uploads\\\/2021\\\/01\\\/goextreme-2.png\",\"width\":1462,\"height\":412,\"caption\":\"GoExtreme\"},\"image\":{\"@id\":\"https:\\\/\\\/goextreme.no\\\/nb\\\/#\\\/schema\\\/logo\\\/image\\\/\"}}]}<\/script>\n<!-- \/ Yoast SEO plugin. -->","yoast_head_json":{"title":"HUNTING - GoExtreme","robots":{"index":"index","follow":"follow","max-snippet":"max-snippet:-1","max-image-preview":"max-image-preview:large","max-video-preview":"max-video-preview:-1"},"canonical":"https:\/\/goextreme.no\/nb\/hunting\/","og_locale":"nb_NO","og_type":"article","og_title":"HUNTING - GoExtreme","og_description":"\u00d8nsker du \u00e5 v\u00e6re med p\u00e5 jakt, men vet ikke helt hvor du skal starte? Vi kan tilby jaktturer for deg med liten erfaring, eller r\u00e5d og veiledning til deg med erfaring. Statskog tilbyr jakt p\u00e5 rype og skogsfugl i Hattfjelldal. P\u00e5 deres areal kan det ogs\u00e5 jaktes p\u00e5 andre arter som f.eks. rugde, ender, g\u00e5s og trost. Jakt p\u00e5 rype og skogsfugl har tradisjonelt stor ettersp\u00f8rsel.\u00a0Jaktfeltene ligger i skogen og opp mot h\u00f8gfjellet og snaufjellet. Jegere kan velge mellom lett tilgjengelig jakt n\u00e6r bilvei eller mer villmarkspreget jakt med flere timers gange inn til jaktfeltet. BOOK N\u00c5 Statskog tilbyr jakt p\u00e5 rype og skogsfugl i Hattfjelldal. P\u00e5 deres areal kan det ogs\u00e5 jaktes p\u00e5 andre arter som f.eks. rugde, ender, g\u00e5s og trost. Jakt p\u00e5 rype og skogsfugl har tradisjonelt stor ettersp\u00f8rsel.\u00a0 Statskog SF har jaktfelt i Hattfjelldal. Jaktfeltene ligger\u00a0 i skogen og opp mot h\u00f8gfjellet og snaufjellet. Jegere&hellip;  Read more","og_url":"https:\/\/goextreme.no\/nb\/hunting\/","og_site_name":"GoExtreme","article_modified_time":"2024-10-25T12:21:57+00:00","twitter_card":"summary_large_image","twitter_misc":{"Ansl. lesetid":"11 minutter"},"schema":{"@context":"https:\/\/schema.org","@graph":[{"@type":"WebPage","@id":"https:\/\/goextreme.no\/en\/hunting\/","url":"https:\/\/goextreme.no\/en\/hunting\/","name":"HUNTING - GoExtreme","isPartOf":{"@id":"https:\/\/goextreme.no\/nb\/#website"},"datePublished":"2021-01-30T10:41:06+00:00","dateModified":"2024-10-25T12:21:57+00:00","breadcrumb":{"@id":"https:\/\/goextreme.no\/en\/hunting\/#breadcrumb"},"inLanguage":"nb-NO","potentialAction":[{"@type":"ReadAction","target":["https:\/\/goextreme.no\/en\/hunting\/"]}]},{"@type":"BreadcrumbList","@id":"https:\/\/goextreme.no\/en\/hunting\/#breadcrumb","itemListElement":[{"@type":"ListItem","position":1,"name":"Home","item":"https:\/\/goextreme.no\/"},{"@type":"ListItem","position":2,"name":"HUNTING"}]},{"@type":"WebSite","@id":"https:\/\/goextreme.no\/nb\/#website","url":"https:\/\/goextreme.no\/nb\/","name":"GoExtreme","description":"Experience Norway","publisher":{"@id":"https:\/\/goextreme.no\/nb\/#organization"},"potentialAction":[{"@type":"SearchAction","target":{"@type":"EntryPoint","urlTemplate":"https:\/\/goextreme.no\/nb\/?s={search_term_string}"},"query-input":{"@type":"PropertyValueSpecification","valueRequired":true,"valueName":"search_term_string"}}],"inLanguage":"nb-NO"},{"@type":"Organization","@id":"https:\/\/goextreme.no\/nb\/#organization","name":"GoExtreme","url":"https:\/\/goextreme.no\/nb\/","logo":{"@type":"ImageObject","inLanguage":"nb-NO","@id":"https:\/\/goextreme.no\/nb\/#\/schema\/logo\/image\/","url":"https:\/\/165.227.169.1\/wp-content\/uploads\/2021\/01\/goextreme-2.png","contentUrl":"https:\/\/165.227.169.1\/wp-content\/uploads\/2021\/01\/goextreme-2.png","width":1462,"height":412,"caption":"GoExtreme"},"image":{"@id":"https:\/\/goextreme.no\/nb\/#\/schema\/logo\/image\/"}}]}},"_links":{"self":[{"href":"https:\/\/goextreme.no\/nb\/wp-json\/wp\/v2\/pages\/1849","targetHints":{"allow":["GET"]}}],"collection":[{"href":"https:\/\/goextreme.no\/nb\/wp-json\/wp\/v2\/pages"}],"about":[{"href":"https:\/\/goextreme.no\/nb\/wp-json\/wp\/v2\/types\/page"}],"author":[{"embeddable":true,"href":"https:\/\/goextreme.no\/nb\/wp-json\/wp\/v2\/users\/2"}],"replies":[{"embeddable":true,"href":"https:\/\/goextreme.no\/nb\/wp-json\/wp\/v2\/comments?post=1849"}],"version-history":[{"count":0,"href":"https:\/\/goextreme.no\/nb\/wp-json\/wp\/v2\/pages\/1849\/revisions"}],"wp:attachment":[{"href":"https:\/\/goextreme.no\/nb\/wp-json\/wp\/v2\/media?parent=1849"}],"curies":[{"name":"wp","href":"https:\/\/api.w.org\/{rel}","templated":true}]}}