{"id":2536,"date":"2021-02-04T13:44:48","date_gmt":"2021-02-04T13:44:48","guid":{"rendered":"https:\/\/goextreme.no\/?page_id=2536"},"modified":"2024-10-25T12:18:15","modified_gmt":"2024-10-25T12:18:15","slug":"explore","status":"publish","type":"page","link":"https:\/\/goextreme.no\/nb\/explore\/","title":{"rendered":"EXPLORE"},"content":{"rendered":"\t\t<div data-elementor-type=\"wp-page\" data-elementor-id=\"2536\" class=\"elementor elementor-2536\">\n\t\t\t\t\t\t<section class=\"elementor-section elementor-top-section elementor-element elementor-element-88c38e1 elementor-section-full_width elementor-section-height-min-height elementor-section-height-default elementor-section-items-middle\" data-id=\"88c38e1\" data-element_type=\"section\" data-e-type=\"section\" data-settings=\"{&quot;background_background&quot;:&quot;classic&quot;}\">\n\t\t\t\t\t\t\t<div class=\"elementor-background-overlay\"><\/div>\n\t\t\t\t\t\t\t<div class=\"elementor-container elementor-column-gap-extended\">\n\t\t\t\t\t<div class=\"elementor-column elementor-col-25 elementor-top-column elementor-element elementor-element-f8492d0\" data-id=\"f8492d0\" data-element_type=\"column\" data-e-type=\"column\">\n\t\t\t<div class=\"elementor-widget-wrap\">\n\t\t\t\t\t\t\t<\/div>\n\t\t<\/div>\n\t\t\t\t<div class=\"elementor-column elementor-col-25 elementor-top-column elementor-element elementor-element-1992c40\" data-id=\"1992c40\" data-element_type=\"column\" data-e-type=\"column\">\n\t\t\t<div class=\"elementor-widget-wrap\">\n\t\t\t\t\t\t\t<\/div>\n\t\t<\/div>\n\t\t\t\t<div class=\"elementor-column elementor-col-25 elementor-top-column elementor-element elementor-element-93a4119 elementor-hidden-tablet\" data-id=\"93a4119\" data-element_type=\"column\" data-e-type=\"column\">\n\t\t\t<div class=\"elementor-widget-wrap elementor-element-populated\">\n\t\t\t\t\t\t<div class=\"elementor-element elementor-element-622437d elementor-hidden-phone elementor-invisible elementor-widget elementor-widget-text-editor\" data-id=\"622437d\" data-element_type=\"widget\" data-e-type=\"widget\" data-settings=\"{&quot;_animation&quot;:&quot;fadeIn&quot;,&quot;_animation_delay&quot;:200}\" data-widget_type=\"text-editor.default\">\n\t\t\t\t<div class=\"elementor-widget-container\">\n\t\t\t\t\t\t\t\t\t<p>Oppdag Norge som aldri f\u00f8r. G\u00e5 p\u00e5 turer i fantastisk natur &#8211;<br \/>store daler, mektige fjell og ville forhold!\u00a0<\/p>\t\t\t\t\t\t\t\t<\/div>\n\t\t\t\t<\/div>\n\t\t\t\t<div class=\"elementor-element elementor-element-ec8a955 elementor-align-center elementor-widget__width-auto elementor-hidden-phone elementor-invisible elementor-widget elementor-widget-button\" data-id=\"ec8a955\" data-element_type=\"widget\" data-e-type=\"widget\" data-settings=\"{&quot;_animation&quot;:&quot;fadeIn&quot;,&quot;_animation_delay&quot;:500}\" data-widget_type=\"button.default\">\n\t\t\t\t<div class=\"elementor-widget-container\">\n\t\t\t\t\t\t\t\t\t<div class=\"elementor-button-wrapper\">\n\t\t\t\t\t<a class=\"elementor-button elementor-button-link elementor-size-sm\" href=\"#book\">\n\t\t\t\t\t\t<span class=\"elementor-button-content-wrapper\">\n\t\t\t\t\t\t\t\t\t<span class=\"elementor-button-text\">BOOK N\u00c5<\/span>\n\t\t\t\t\t<\/span>\n\t\t\t\t\t<\/a>\n\t\t\t\t<\/div>\n\t\t\t\t\t\t\t\t<\/div>\n\t\t\t\t<\/div>\n\t\t\t\t\t<\/div>\n\t\t<\/div>\n\t\t\t\t<div class=\"elementor-column elementor-col-25 elementor-top-column elementor-element elementor-element-885a5ef\" data-id=\"885a5ef\" data-element_type=\"column\" data-e-type=\"column\">\n\t\t\t<div class=\"elementor-widget-wrap\">\n\t\t\t\t\t\t\t<\/div>\n\t\t<\/div>\n\t\t\t\t\t<\/div>\n\t\t<\/section>\n\t\t\t\t<section class=\"elementor-section elementor-top-section elementor-element elementor-element-575b0f3 elementor-section-height-min-height elementor-hidden-desktop elementor-section-boxed elementor-section-height-default elementor-section-items-middle\" data-id=\"575b0f3\" data-element_type=\"section\" data-e-type=\"section\" data-settings=\"{&quot;background_background&quot;:&quot;classic&quot;}\">\n\t\t\t\t\t\t\t<div class=\"elementor-background-overlay\"><\/div>\n\t\t\t\t\t\t\t<div class=\"elementor-container elementor-column-gap-extended\">\n\t\t\t\t\t<div class=\"elementor-column elementor-col-100 elementor-top-column elementor-element elementor-element-7771bbd\" data-id=\"7771bbd\" data-element_type=\"column\" data-e-type=\"column\">\n\t\t\t<div class=\"elementor-widget-wrap elementor-element-populated\">\n\t\t\t\t\t\t<div class=\"elementor-element elementor-element-0c8ba91 elementor-invisible elementor-widget elementor-widget-text-editor\" data-id=\"0c8ba91\" data-element_type=\"widget\" data-e-type=\"widget\" data-settings=\"{&quot;_animation&quot;:&quot;fadeIn&quot;,&quot;_animation_delay&quot;:200}\" data-widget_type=\"text-editor.default\">\n\t\t\t\t<div class=\"elementor-widget-container\">\n\t\t\t\t\t\t\t\t\t<p>Oppdag Norge som aldri f\u00f8r. G\u00e5 p\u00e5 turer i store daler, mektige fjell, ville forhold og generelt en fantastisk natur.<\/p>\t\t\t\t\t\t\t\t<\/div>\n\t\t\t\t<\/div>\n\t\t\t\t<div class=\"elementor-element elementor-element-9e17fd1 elementor-align-center elementor-widget__width-auto elementor-invisible elementor-widget elementor-widget-button\" data-id=\"9e17fd1\" data-element_type=\"widget\" data-e-type=\"widget\" data-settings=\"{&quot;_animation&quot;:&quot;fadeIn&quot;,&quot;_animation_delay&quot;:500}\" data-widget_type=\"button.default\">\n\t\t\t\t<div class=\"elementor-widget-container\">\n\t\t\t\t\t\t\t\t\t<div class=\"elementor-button-wrapper\">\n\t\t\t\t\t<a class=\"elementor-button elementor-button-link elementor-size-sm\" href=\"#book\">\n\t\t\t\t\t\t<span class=\"elementor-button-content-wrapper\">\n\t\t\t\t\t\t\t\t\t<span class=\"elementor-button-text\">BOOK N\u00c5<\/span>\n\t\t\t\t\t<\/span>\n\t\t\t\t\t<\/a>\n\t\t\t\t<\/div>\n\t\t\t\t\t\t\t\t<\/div>\n\t\t\t\t<\/div>\n\t\t\t\t\t<\/div>\n\t\t<\/div>\n\t\t\t\t\t<\/div>\n\t\t<\/section>\n\t\t\t\t<section class=\"elementor-section elementor-top-section elementor-element elementor-element-2cb0a6c elementor-section-boxed elementor-section-height-default elementor-section-height-default\" data-id=\"2cb0a6c\" data-element_type=\"section\" data-e-type=\"section\" data-settings=\"{&quot;background_background&quot;:&quot;classic&quot;}\">\n\t\t\t\t\t\t\t<div class=\"elementor-background-overlay\"><\/div>\n\t\t\t\t\t\t\t<div class=\"elementor-container elementor-column-gap-default\">\n\t\t\t\t\t<div class=\"elementor-column elementor-col-100 elementor-top-column elementor-element elementor-element-0c2df30\" data-id=\"0c2df30\" data-element_type=\"column\" data-e-type=\"column\">\n\t\t\t<div class=\"elementor-widget-wrap elementor-element-populated\">\n\t\t\t\t\t\t<div class=\"elementor-element elementor-element-d2a0074 elementor-invisible elementor-widget elementor-widget-text-editor\" data-id=\"d2a0074\" data-element_type=\"widget\" data-e-type=\"widget\" data-settings=\"{&quot;_animation&quot;:&quot;fadeIn&quot;,&quot;_animation_delay&quot;:200}\" data-widget_type=\"text-editor.default\">\n\t\t\t\t<div class=\"elementor-widget-container\">\n\t\t\t\t\t\t\t\t\t<p>\u00a0<\/p><p><b>MER INFORMASJON<\/b><\/p>\t\t\t\t\t\t\t\t<\/div>\n\t\t\t\t<\/div>\n\t\t\t\t<section class=\"elementor-section elementor-inner-section elementor-element elementor-element-5b58deb elementor-section-boxed elementor-section-height-default elementor-section-height-default\" data-id=\"5b58deb\" data-element_type=\"section\" data-e-type=\"section\">\n\t\t\t\t\t\t<div class=\"elementor-container elementor-column-gap-default\">\n\t\t\t\t\t<div class=\"elementor-column elementor-col-33 elementor-inner-column elementor-element elementor-element-998046f\" data-id=\"998046f\" data-element_type=\"column\" data-e-type=\"column\">\n\t\t\t<div class=\"elementor-widget-wrap elementor-element-populated\">\n\t\t\t\t\t\t<div class=\"elementor-element elementor-element-a70dbb8 elementor-invisible elementor-widget elementor-widget-text-editor\" data-id=\"a70dbb8\" data-element_type=\"widget\" data-e-type=\"widget\" data-settings=\"{&quot;_animation&quot;:&quot;fadeIn&quot;,&quot;_animation_delay&quot;:200}\" data-widget_type=\"text-editor.default\">\n\t\t\t\t<div class=\"elementor-widget-container\">\n\t\t\t\t\t\t\t\t\t<p><strong>Fjelltur<\/strong><\/p><p>F\u00e5 guidet fjellturer gjennom store daler og over mektige fjell i flere kommuner. Helgeland har fantastiske fjell du kan bestige, enten alene eller med guide. Kvigtinden, Brurskanken, Lukttinden, Kjerringtinden, Oksskolten og De syv s\u00f8stre er bare noen av popul\u00e6re fjellene du kan bestige.<\/p>\t\t\t\t\t\t\t\t<\/div>\n\t\t\t\t<\/div>\n\t\t\t\t\t<\/div>\n\t\t<\/div>\n\t\t\t\t<div class=\"elementor-column elementor-col-33 elementor-inner-column elementor-element elementor-element-3c4cbee\" data-id=\"3c4cbee\" data-element_type=\"column\" data-e-type=\"column\">\n\t\t\t<div class=\"elementor-widget-wrap elementor-element-populated\">\n\t\t\t\t\t\t<div class=\"elementor-element elementor-element-4a89dff elementor-invisible elementor-widget elementor-widget-text-editor\" data-id=\"4a89dff\" data-element_type=\"widget\" data-e-type=\"widget\" data-settings=\"{&quot;_animation&quot;:&quot;fadeIn&quot;,&quot;_animation_delay&quot;:200}\" data-widget_type=\"text-editor.default\">\n\t\t\t\t<div class=\"elementor-widget-container\">\n\t\t\t\t\t\t\t\t\t<p><strong>Nordlys<\/strong><\/p><p>Har du noen gang sett Nordlyset, ogs\u00e5 kjent som Aurora Borealis? Hvis du har det, vet vi at du har lyst \u00e5 se det igjen. Har du ikke det, vet du ikke hva du har g\u00e5tt glipp av. Vi tilbyr turer til omr\u00e5der der vi vet sannsynligheten \u00f8ker kraftig for \u00e5 se det, dersom v\u00e6ret tillater det, selvf\u00f8lgelig. Vi tar deg med opp i h\u00f8yden i fjellene lagt unna byer, der himmelen er klar, og det er minimalt med lysforurensning, slik at man f\u00e5r best mulig opplevelse av nattehimmelen.<\/p>\t\t\t\t\t\t\t\t<\/div>\n\t\t\t\t<\/div>\n\t\t\t\t\t<\/div>\n\t\t<\/div>\n\t\t\t\t<div class=\"elementor-column elementor-col-33 elementor-inner-column elementor-element elementor-element-d49ea22\" data-id=\"d49ea22\" data-element_type=\"column\" data-e-type=\"column\">\n\t\t\t<div class=\"elementor-widget-wrap elementor-element-populated\">\n\t\t\t\t\t\t<div class=\"elementor-element elementor-element-bf6cf5d elementor-invisible elementor-widget elementor-widget-text-editor\" data-id=\"bf6cf5d\" data-element_type=\"widget\" data-e-type=\"widget\" data-settings=\"{&quot;_animation&quot;:&quot;fadeIn&quot;,&quot;_animation_delay&quot;:200}\" data-widget_type=\"text-editor.default\">\n\t\t\t\t<div class=\"elementor-widget-container\">\n\t\t\t\t\t\t\t\t\t<p><strong>Naturopplevelser<\/strong><\/p><p>Opplev vill natur p\u00e5 sitt beste!<br \/>Enten det er fjell, daler, kyst, fjorder, nordlys, store vidder, milevis med ur\u00f8rt nasjonalpark, store skoger eller isbreer. <br \/><br \/>Vi har lett tilgang p\u00e5 det du skulle \u00f8nske \u00e5 oppleve.\u00a0<\/p>\t\t\t\t\t\t\t\t<\/div>\n\t\t\t\t<\/div>\n\t\t\t\t\t<\/div>\n\t\t<\/div>\n\t\t\t\t\t<\/div>\n\t\t<\/section>\n\t\t\t\t\t<\/div>\n\t\t<\/div>\n\t\t\t\t\t<\/div>\n\t\t<\/section>\n\t\t\t\t<section class=\"elementor-section elementor-top-section elementor-element elementor-element-3a27097 elementor-section-boxed elementor-section-height-default elementor-section-height-default\" data-id=\"3a27097\" data-element_type=\"section\" data-e-type=\"section\" id=\"book\" data-settings=\"{&quot;background_background&quot;:&quot;classic&quot;}\">\n\t\t\t\t\t\t<div class=\"elementor-container elementor-column-gap-default\">\n\t\t\t\t\t<div class=\"elementor-column elementor-col-100 elementor-top-column elementor-element elementor-element-486bd3d\" data-id=\"486bd3d\" data-element_type=\"column\" data-e-type=\"column\">\n\t\t\t<div class=\"elementor-widget-wrap elementor-element-populated\">\n\t\t\t\t\t\t<div class=\"elementor-element elementor-element-e50e892 elementor-invisible elementor-widget elementor-widget-text-editor\" data-id=\"e50e892\" data-element_type=\"widget\" data-e-type=\"widget\" data-settings=\"{&quot;_animation&quot;:&quot;fadeIn&quot;,&quot;_animation_delay&quot;:200}\" data-widget_type=\"text-editor.default\">\n\t\t\t\t<div class=\"elementor-widget-container\">\n\t\t\t\t\t\t\t\t\t<p><b>BOOK HER:<\/b><\/p>\t\t\t\t\t\t\t\t<\/div>\n\t\t\t\t<\/div>\n\t\t\t\t<div class=\"elementor-element elementor-element-5c8d6be elementor-align-center elementor-widget__width-auto elementor-widget-mobile__width-inherit elementor-invisible elementor-widget elementor-widget-button\" data-id=\"5c8d6be\" data-element_type=\"widget\" data-e-type=\"widget\" data-settings=\"{&quot;_animation&quot;:&quot;fadeIn&quot;,&quot;_animation_delay&quot;:500}\" data-widget_type=\"button.default\">\n\t\t\t\t<div class=\"elementor-widget-container\">\n\t\t\t\t\t\t\t\t\t<div class=\"elementor-button-wrapper\">\n\t\t\t\t\t<a class=\"elementor-button elementor-button-link elementor-size-sm\" href=\"\/kontaktoss\">\n\t\t\t\t\t\t<span class=\"elementor-button-content-wrapper\">\n\t\t\t\t\t\t\t\t\t<span class=\"elementor-button-text\">BOOK HER<\/span>\n\t\t\t\t\t<\/span>\n\t\t\t\t\t<\/a>\n\t\t\t\t<\/div>\n\t\t\t\t\t\t\t\t<\/div>\n\t\t\t\t<\/div>\n\t\t\t\t\t<\/div>\n\t\t<\/div>\n\t\t\t\t\t<\/div>\n\t\t<\/section>\n\t\t\t\t<\/div>\n\t\t","protected":false},"excerpt":{"rendered":"<p>Oppdag Norge som aldri f\u00f8r. G\u00e5 p\u00e5 turer i fantastisk natur &#8211;store daler, mektige fjell og ville forhold!\u00a0 BOOK N\u00c5 Oppdag Norge som aldri f\u00f8r. G\u00e5 p\u00e5 turer i store daler, mektige fjell, ville forhold og generelt en fantastisk natur. BOOK N\u00c5 \u00a0 MER INFORMASJON Fjelltur F\u00e5 guidet fjellturer gjennom store daler og over mektige fjell i flere kommuner. Helgeland har fantastiske fjell du kan bestige, enten alene eller med guide. Kvigtinden, Brurskanken, Lukttinden, Kjerringtinden, Oksskolten og De syv s\u00f8stre er bare noen av popul\u00e6re fjellene du kan bestige. Nordlys Har du noen gang sett Nordlyset, ogs\u00e5 kjent som Aurora Borealis? Hvis du har det, vet vi at du har lyst \u00e5 se det igjen. Har du ikke det, vet du ikke hva du har g\u00e5tt glipp av. Vi tilbyr turer til omr\u00e5der der vi vet sannsynligheten \u00f8ker kraftig for \u00e5 se det, dersom v\u00e6ret tillater det, selvf\u00f8lgelig. Vi tar&hellip;<\/p>\n<p> <a class=\"more-link\" href=\"https:\/\/goextreme.no\/nb\/explore\/\">Read more<\/a><\/p>\n","protected":false},"author":2,"featured_media":0,"parent":0,"menu_order":0,"comment_status":"closed","ping_status":"closed","template":"elementor_header_footer","meta":{"footnotes":""},"class_list":["post-2536","page","type-page","status-publish"],"yoast_head":"<!-- This site is optimized with the Yoast SEO plugin v27.3 - https:\/\/yoast.com\/product\/yoast-seo-wordpress\/ -->\n<title>EXPLORE - GoExtreme<\/title>\n<meta name=\"robots\" content=\"index, follow, max-snippet:-1, max-image-preview:large, max-video-preview:-1\" \/>\n<link rel=\"canonical\" href=\"https:\/\/goextreme.no\/nb\/explore\/\" \/>\n<meta property=\"og:locale\" content=\"nb_NO\" \/>\n<meta property=\"og:type\" content=\"article\" \/>\n<meta property=\"og:title\" content=\"EXPLORE - GoExtreme\" \/>\n<meta property=\"og:description\" content=\"Oppdag Norge som aldri f\u00f8r. G\u00e5 p\u00e5 turer i fantastisk natur &#8211;store daler, mektige fjell og ville forhold!\u00a0 BOOK N\u00c5 Oppdag Norge som aldri f\u00f8r. G\u00e5 p\u00e5 turer i store daler, mektige fjell, ville forhold og generelt en fantastisk natur. BOOK N\u00c5 \u00a0 MER INFORMASJON Fjelltur F\u00e5 guidet fjellturer gjennom store daler og over mektige fjell i flere kommuner. Helgeland har fantastiske fjell du kan bestige, enten alene eller med guide. Kvigtinden, Brurskanken, Lukttinden, Kjerringtinden, Oksskolten og De syv s\u00f8stre er bare noen av popul\u00e6re fjellene du kan bestige. Nordlys Har du noen gang sett Nordlyset, ogs\u00e5 kjent som Aurora Borealis? Hvis du har det, vet vi at du har lyst \u00e5 se det igjen. Har du ikke det, vet du ikke hva du har g\u00e5tt glipp av. Vi tilbyr turer til omr\u00e5der der vi vet sannsynligheten \u00f8ker kraftig for \u00e5 se det, dersom v\u00e6ret tillater det, selvf\u00f8lgelig. Vi tar&hellip;  Read more\" \/>\n<meta property=\"og:url\" content=\"https:\/\/goextreme.no\/nb\/explore\/\" \/>\n<meta property=\"og:site_name\" content=\"GoExtreme\" \/>\n<meta property=\"article:modified_time\" content=\"2024-10-25T12:18:15+00:00\" \/>\n<meta name=\"twitter:card\" content=\"summary_large_image\" \/>\n<meta name=\"twitter:label1\" content=\"Ansl. lesetid\" \/>\n\t<meta name=\"twitter:data1\" content=\"9 minutter\" \/>\n<script type=\"application\/ld+json\" class=\"yoast-schema-graph\">{\"@context\":\"https:\\\/\\\/schema.org\",\"@graph\":[{\"@type\":\"WebPage\",\"@id\":\"https:\\\/\\\/goextreme.no\\\/nb\\\/explore\\\/\",\"url\":\"https:\\\/\\\/goextreme.no\\\/nb\\\/explore\\\/\",\"name\":\"EXPLORE - GoExtreme\",\"isPartOf\":{\"@id\":\"https:\\\/\\\/goextreme.no\\\/#website\"},\"datePublished\":\"2021-02-04T13:44:48+00:00\",\"dateModified\":\"2024-10-25T12:18:15+00:00\",\"breadcrumb\":{\"@id\":\"https:\\\/\\\/goextreme.no\\\/nb\\\/explore\\\/#breadcrumb\"},\"inLanguage\":\"nb-NO\",\"potentialAction\":[{\"@type\":\"ReadAction\",\"target\":[\"https:\\\/\\\/goextreme.no\\\/nb\\\/explore\\\/\"]}]},{\"@type\":\"BreadcrumbList\",\"@id\":\"https:\\\/\\\/goextreme.no\\\/nb\\\/explore\\\/#breadcrumb\",\"itemListElement\":[{\"@type\":\"ListItem\",\"position\":1,\"name\":\"Home\",\"item\":\"https:\\\/\\\/goextreme.no\\\/\"},{\"@type\":\"ListItem\",\"position\":2,\"name\":\"EXPLORE\"}]},{\"@type\":\"WebSite\",\"@id\":\"https:\\\/\\\/goextreme.no\\\/#website\",\"url\":\"https:\\\/\\\/goextreme.no\\\/\",\"name\":\"GoExtreme\",\"description\":\"Experience Norway\",\"publisher\":{\"@id\":\"https:\\\/\\\/goextreme.no\\\/#organization\"},\"potentialAction\":[{\"@type\":\"SearchAction\",\"target\":{\"@type\":\"EntryPoint\",\"urlTemplate\":\"https:\\\/\\\/goextreme.no\\\/?s={search_term_string}\"},\"query-input\":{\"@type\":\"PropertyValueSpecification\",\"valueRequired\":true,\"valueName\":\"search_term_string\"}}],\"inLanguage\":\"nb-NO\"},{\"@type\":\"Organization\",\"@id\":\"https:\\\/\\\/goextreme.no\\\/#organization\",\"name\":\"GoExtreme\",\"url\":\"https:\\\/\\\/goextreme.no\\\/\",\"logo\":{\"@type\":\"ImageObject\",\"inLanguage\":\"nb-NO\",\"@id\":\"https:\\\/\\\/goextreme.no\\\/#\\\/schema\\\/logo\\\/image\\\/\",\"url\":\"https:\\\/\\\/goextreme.no\\\/wp-content\\\/uploads\\\/2021\\\/01\\\/goextreme-2.png\",\"contentUrl\":\"https:\\\/\\\/goextreme.no\\\/wp-content\\\/uploads\\\/2021\\\/01\\\/goextreme-2.png\",\"width\":1462,\"height\":412,\"caption\":\"GoExtreme\"},\"image\":{\"@id\":\"https:\\\/\\\/goextreme.no\\\/#\\\/schema\\\/logo\\\/image\\\/\"}}]}<\/script>\n<!-- \/ Yoast SEO plugin. -->","yoast_head_json":{"title":"EXPLORE - GoExtreme","robots":{"index":"index","follow":"follow","max-snippet":"max-snippet:-1","max-image-preview":"max-image-preview:large","max-video-preview":"max-video-preview:-1"},"canonical":"https:\/\/goextreme.no\/nb\/explore\/","og_locale":"nb_NO","og_type":"article","og_title":"EXPLORE - GoExtreme","og_description":"Oppdag Norge som aldri f\u00f8r. G\u00e5 p\u00e5 turer i fantastisk natur &#8211;store daler, mektige fjell og ville forhold!\u00a0 BOOK N\u00c5 Oppdag Norge som aldri f\u00f8r. G\u00e5 p\u00e5 turer i store daler, mektige fjell, ville forhold og generelt en fantastisk natur. BOOK N\u00c5 \u00a0 MER INFORMASJON Fjelltur F\u00e5 guidet fjellturer gjennom store daler og over mektige fjell i flere kommuner. Helgeland har fantastiske fjell du kan bestige, enten alene eller med guide. Kvigtinden, Brurskanken, Lukttinden, Kjerringtinden, Oksskolten og De syv s\u00f8stre er bare noen av popul\u00e6re fjellene du kan bestige. Nordlys Har du noen gang sett Nordlyset, ogs\u00e5 kjent som Aurora Borealis? Hvis du har det, vet vi at du har lyst \u00e5 se det igjen. Har du ikke det, vet du ikke hva du har g\u00e5tt glipp av. Vi tilbyr turer til omr\u00e5der der vi vet sannsynligheten \u00f8ker kraftig for \u00e5 se det, dersom v\u00e6ret tillater det, selvf\u00f8lgelig. Vi tar&hellip;  Read more","og_url":"https:\/\/goextreme.no\/nb\/explore\/","og_site_name":"GoExtreme","article_modified_time":"2024-10-25T12:18:15+00:00","twitter_card":"summary_large_image","twitter_misc":{"Ansl. lesetid":"9 minutter"},"schema":{"@context":"https:\/\/schema.org","@graph":[{"@type":"WebPage","@id":"https:\/\/goextreme.no\/nb\/explore\/","url":"https:\/\/goextreme.no\/nb\/explore\/","name":"EXPLORE - GoExtreme","isPartOf":{"@id":"https:\/\/goextreme.no\/#website"},"datePublished":"2021-02-04T13:44:48+00:00","dateModified":"2024-10-25T12:18:15+00:00","breadcrumb":{"@id":"https:\/\/goextreme.no\/nb\/explore\/#breadcrumb"},"inLanguage":"nb-NO","potentialAction":[{"@type":"ReadAction","target":["https:\/\/goextreme.no\/nb\/explore\/"]}]},{"@type":"BreadcrumbList","@id":"https:\/\/goextreme.no\/nb\/explore\/#breadcrumb","itemListElement":[{"@type":"ListItem","position":1,"name":"Home","item":"https:\/\/goextreme.no\/"},{"@type":"ListItem","position":2,"name":"EXPLORE"}]},{"@type":"WebSite","@id":"https:\/\/goextreme.no\/#website","url":"https:\/\/goextreme.no\/","name":"GoExtreme","description":"Experience Norway","publisher":{"@id":"https:\/\/goextreme.no\/#organization"},"potentialAction":[{"@type":"SearchAction","target":{"@type":"EntryPoint","urlTemplate":"https:\/\/goextreme.no\/?s={search_term_string}"},"query-input":{"@type":"PropertyValueSpecification","valueRequired":true,"valueName":"search_term_string"}}],"inLanguage":"nb-NO"},{"@type":"Organization","@id":"https:\/\/goextreme.no\/#organization","name":"GoExtreme","url":"https:\/\/goextreme.no\/","logo":{"@type":"ImageObject","inLanguage":"nb-NO","@id":"https:\/\/goextreme.no\/#\/schema\/logo\/image\/","url":"https:\/\/goextreme.no\/wp-content\/uploads\/2021\/01\/goextreme-2.png","contentUrl":"https:\/\/goextreme.no\/wp-content\/uploads\/2021\/01\/goextreme-2.png","width":1462,"height":412,"caption":"GoExtreme"},"image":{"@id":"https:\/\/goextreme.no\/#\/schema\/logo\/image\/"}}]}},"_links":{"self":[{"href":"https:\/\/goextreme.no\/nb\/wp-json\/wp\/v2\/pages\/2536","targetHints":{"allow":["GET"]}}],"collection":[{"href":"https:\/\/goextreme.no\/nb\/wp-json\/wp\/v2\/pages"}],"about":[{"href":"https:\/\/goextreme.no\/nb\/wp-json\/wp\/v2\/types\/page"}],"author":[{"embeddable":true,"href":"https:\/\/goextreme.no\/nb\/wp-json\/wp\/v2\/users\/2"}],"replies":[{"embeddable":true,"href":"https:\/\/goextreme.no\/nb\/wp-json\/wp\/v2\/comments?post=2536"}],"version-history":[{"count":0,"href":"https:\/\/goextreme.no\/nb\/wp-json\/wp\/v2\/pages\/2536\/revisions"}],"wp:attachment":[{"href":"https:\/\/goextreme.no\/nb\/wp-json\/wp\/v2\/media?parent=2536"}],"curies":[{"name":"wp","href":"https:\/\/api.w.org\/{rel}","templated":true}]}}